{"id":14786,"date":"2020-12-29T15:41:23","date_gmt":"2020-12-29T14:41:23","guid":{"rendered":"https:\/\/www.asta.rwth-aachen.de\/?page_id=14786"},"modified":"2022-08-01T12:53:17","modified_gmt":"2022-08-01T10:53:17","slug":"participate","status":"publish","type":"page","link":"https:\/\/www.asta.rwth-aachen.de\/en\/engagement\/participate\/","title":{"rendered":"Participate!"},"content":{"rendered":"<p>[et_pb_section fb_built=&#8221;1&#8243; _builder_version=&#8221;4.16&#8243; global_colors_info=&#8221;{}&#8221;][et_pb_row _builder_version=&#8221;4.16&#8243; _module_preset=&#8221;default&#8221; custom_padding=&#8221;||1px|||&#8221; global_colors_info=&#8221;{}&#8221;][et_pb_column type=&#8221;4_4&#8243; _builder_version=&#8221;4.16&#8243; _module_preset=&#8221;default&#8221; global_colors_info=&#8221;{}&#8221;][et_pb_text _builder_version=&#8221;4.16&#8243; _module_preset=&#8221;default&#8221; global_colors_info=&#8221;{}&#8221;]<\/p>\n<h2>Get involved!<\/h2>\n<p>[\/et_pb_text][\/et_pb_column][\/et_pb_row][et_pb_row column_structure=&#8221;3_4,1_4&#8243; _builder_version=&#8221;4.16&#8243; background_size=&#8221;initial&#8221; background_position=&#8221;top_left&#8221; background_repeat=&#8221;repeat&#8221; custom_padding=&#8221;2px||24px|||&#8221; global_colors_info=&#8221;{}&#8221;][et_pb_column type=&#8221;3_4&#8243; _builder_version=&#8221;4.16&#8243; custom_padding=&#8221;|||&#8221; global_colors_info=&#8221;{}&#8221; custom_padding__hover=&#8221;|||&#8221;][et_pb_text admin_label=&#8221;Einleitung&#8221; _builder_version=&#8221;4.16&#8243; _module_preset=&#8221;default&#8221; global_colors_info=&#8221;{}&#8221;]<\/p>\n<p>At RWTH there are many opportunities for involvement in volunteer work alongside your studies. The areas of involvement range from social and political to technical activities. By getting involved beyond your studies, you can not only meet new people, but also work on exciting projects and experience a lot.<\/p>\n<p>[\/et_pb_text][\/et_pb_column][et_pb_column type=&#8221;1_4&#8243; _builder_version=&#8221;4.16&#8243; custom_padding=&#8221;|||&#8221; global_colors_info=&#8221;{}&#8221; custom_padding__hover=&#8221;|||&#8221;][et_pb_image src=&#8221;https:\/\/www.asta.rwth-aachen.de\/wp-content\/uploads\/IMG_9377-scaled.jpg&#8221; title_text=&#8221;IMG_9377&#8243; _builder_version=&#8221;4.16&#8243; _module_preset=&#8221;default&#8221; global_colors_info=&#8221;{}&#8221;][\/et_pb_image][\/et_pb_column][\/et_pb_row][et_pb_row _builder_version=&#8221;4.16&#8243; _module_preset=&#8221;default&#8221; custom_padding=&#8221;3px||2px|||&#8221; global_colors_info=&#8221;{}&#8221;][et_pb_column type=&#8221;4_4&#8243; _builder_version=&#8221;4.16&#8243; _module_preset=&#8221;default&#8221; global_colors_info=&#8221;{}&#8221;][et_pb_divider _builder_version=&#8221;4.16&#8243; _module_preset=&#8221;default&#8221; custom_margin=&#8221;||-1px|||&#8221; global_colors_info=&#8221;{}&#8221;][\/et_pb_divider][et_pb_text admin_label=&#8221;Studentische Eigeninitiativen&#8221; _builder_version=&#8221;4.16&#8243; global_colors_info=&#8221;{}&#8221;]<\/p>\n<h3>Student initiatives<\/h3>\n<p>Student initiatives are groups of students who get involved for fellow students or a charitable cause outside of their studies. Examples of this involvement include cultural and athletic causes, theater performances and concerts, print media and radio broadcasts, student exchanges, or subject-specific continuing education. You can find an overview of student initiatives <a href=\"https:\/\/www.asta.rwth-aachen.de\/engagement\/initiativen\/\">here<\/a>.<\/p>\n<p>[\/et_pb_text][et_pb_text admin_label=&#8221;Fachschaften&#8221; _builder_version=&#8221;4.16&#8243; _module_preset=&#8221;default&#8221; global_colors_info=&#8221;{}&#8221;]<\/p>\n<h3>Student Councils (Fachschaften) at the RWTH<\/h3>\n<p>The student councils (Fachschaften) are the student representatives in the individual faculties. Student councils advocate for you in the area of teaching at the faculty level and are often the first point of contact for many questions. In addition, the student councils organize the freshman orientation. You can find an overview of the student councils at RWTH Aachen University <a href=\"https:\/\/www.asta.rwth-aachen.de\/en\/engagement\/fachschaften\/\">here<\/a>.<\/p>\n<p>[\/et_pb_text][et_pb_text admin_label=&#8221;Fachschaften&#8221; _builder_version=&#8221;4.16&#8243; _module_preset=&#8221;default&#8221; global_colors_info=&#8221;{}&#8221;]<\/p>\n<h3>AStA of the RWTH<\/h3>\n<p>The General Student Committee is the university-wide representation of students&#8217; interests at RWTH. Its tasks consist of representing the students&#8217; interests in higher education policy towards the university, the state and the public. In addition to managing the financial resources of the student body and providing advice on social and student issues, the AStA is also responsible for organizing a program of events and political education. An overview of the individual areas in the AStA can be found <a href=\"https:\/\/www.asta.rwth-aachen.de\/en\/about-us\/overview\/\">here<\/a>.[\/et_pb_text][et_pb_text admin_label=&#8221;Politische Listen&#8221; _builder_version=&#8221;4.16&#8243; _module_preset=&#8221;default&#8221; global_colors_info=&#8221;{}&#8221;]<\/p>\n<h3>Political lists and associations<\/h3>\n<p>If you want to get politically involved, you can contact the various political lists and associations around RWTH. Many political lists and associations participate in the student elections and are represented in the <a href=\"https:\/\/www.stud.rwth-aachen.de\/\">student parliament<\/a>.<\/p>\n<p>[\/et_pb_text][et_pb_text _builder_version=&#8221;4.16&#8243; _module_preset=&#8221;default&#8221; global_colors_info=&#8221;{}&#8221;]<\/p>\n<h3>Volunteer work in Aachen<\/h3>\n<p>In Aachen you have many possibilities to do voluntary work. In addition, there are action days on the topic of volunteering and the Ehrenamtspass, which you can apply for. If you have questions about volunteering in Aachen, the office for volunteering of the city of Aachen is there for you. You can find more information about volunteering in Aachen at: <a href=\"http:\/\/www.aachen.de\/ehrenamt\">aachen.de\/ehrenamt<\/a><\/p>\n<p>[\/et_pb_text][et_pb_divider _builder_version=&#8221;4.16&#8243; _module_preset=&#8221;default&#8221; global_colors_info=&#8221;{}&#8221;][\/et_pb_divider][\/et_pb_column][\/et_pb_row][et_pb_row column_structure=&#8221;1_2,1_2&#8243; _builder_version=&#8221;4.16&#8243; _module_preset=&#8221;default&#8221; custom_padding=&#8221;6px||0px|||&#8221; global_colors_info=&#8221;{}&#8221;][et_pb_column type=&#8221;1_2&#8243; _builder_version=&#8221;4.16&#8243; _module_preset=&#8221;default&#8221; global_colors_info=&#8221;{}&#8221;][et_pb_text admin_label=&#8221;F\u00fcr Initiativen&#8221; _builder_version=&#8221;4.16&#8243; _module_preset=&#8221;default&#8221; custom_margin=&#8221;||8px|||&#8221; custom_padding=&#8221;||0px|||&#8221; global_colors_info=&#8221;{}&#8221;]<\/p>\n<h3>Overview of initiatives<\/h3>\n<p>Do you want to get to know more? Then take a look at our <a href=\"https:\/\/www.asta.rwth-aachen.de\/en\/engagement\/initiatives-overview__trashed\/\">interactive initiative overview<\/a>, where you can learn more about 75 initiatives.[\/et_pb_text][et_pb_image src=&#8221;https:\/\/www.asta.rwth-aachen.de\/wp-content\/uploads\/Iniuebersicht.png&#8221; title_text=&#8221;Ini\u00fcbersicht&#8221; url=&#8221;https:\/\/www.asta.rwth-aachen.de\/engagement\/initiativen\/&#8221; _builder_version=&#8221;4.16&#8243; _module_preset=&#8221;default&#8221; global_colors_info=&#8221;{}&#8221;][\/et_pb_image][\/et_pb_column][et_pb_column type=&#8221;1_2&#8243; _builder_version=&#8221;4.16&#8243; _module_preset=&#8221;default&#8221; global_colors_info=&#8221;{}&#8221;][et_pb_text admin_label=&#8221;Der TDSI&#8221; _builder_version=&#8221;4.16&#8243; _module_preset=&#8221;default&#8221; custom_margin=&#8221;||17px|||&#8221; global_colors_info=&#8221;{}&#8221;]<\/p>\n<h3>Day of Student Initiatives (TdsI)<\/h3>\n<p>At the TdsI you can get to know initiatives from different areas and get in contact with them directly. The <a href=\"https:\/\/www.asta.rwth-aachen.de\/?da_image=7748\">TDSI<\/a> takes place once a semester.[\/et_pb_text][et_pb_image src=&#8221;https:\/\/www.asta.rwth-aachen.de\/wp-content\/uploads\/TDSI-20192.jpeg&#8221; title_text=&#8221;TDSI 20192&#8243; url=&#8221;https:\/\/www.asta.rwth-aachen.de\/?da_image=7748&#8243; _builder_version=&#8221;4.16&#8243; _module_preset=&#8221;default&#8221; custom_margin=&#8221;||12px|||&#8221; global_colors_info=&#8221;{}&#8221;][\/et_pb_image][\/et_pb_column][\/et_pb_row][et_pb_row _builder_version=&#8221;4.16&#8243; _module_preset=&#8221;default&#8221; global_colors_info=&#8221;{}&#8221;][et_pb_column type=&#8221;4_4&#8243; _builder_version=&#8221;4.16&#8243; _module_preset=&#8221;default&#8221; global_colors_info=&#8221;{}&#8221;][et_pb_divider _builder_version=&#8221;4.16&#8243; _module_preset=&#8221;default&#8221; custom_margin=&#8221;||2px|||&#8221; global_colors_info=&#8221;{}&#8221;][\/et_pb_divider][et_pb_text _builder_version=&#8221;4.16&#8243; global_colors_info=&#8221;{}&#8221;]<\/p>\n<h3>Advice and support in the area of student engagement<\/h3>\n<p>Our <a href=\"https:\/\/www.asta.rwth-aachen.de\/en\/about-us\/sustainability-student-engagement\/\">department for student engagement<\/a> offers you a wide range of support. No matter if you are looking for a suitable initiative, if you want to start an initiative yourself or if you have questions concerning your engagement. Just get in touch with us! We are there for you. You can find more information about our consulting services for initiatives <a href=\"https:\/\/www.asta.rwth-aachen.de\/en\/engagement\/eigenini-consulting\/\">here<\/a>.<\/p>\n<p>You can reach our engagement team via the email address: <a href=\"mailto:eigenini@asta.rwth-aachen.de\">eigenini@asta.rwth-aachen.de<\/a><\/p>\n<p>[\/et_pb_text][\/et_pb_column][\/et_pb_row][\/et_pb_section]<\/p>\n","protected":false},"excerpt":{"rendered":"<p>Get involved!At RWTH there are many opportunities for involvement in volunteer work alongside your studies. The areas of involvement range from social and political to technical activities. By getting involved beyond your studies, you can not only meet new people, but also work on exciting projects and experience a lot.Student initiatives Student initiatives are groups [&hellip;]<\/p>\n","protected":false},"author":1,"featured_media":0,"parent":11042,"menu_order":0,"comment_status":"closed","ping_status":"closed","template":"","meta":{"_et_pb_use_builder":"on","_et_pb_old_content":"<p>[et_pb_section bb_built=\"1\"][et_pb_row][et_pb_column type=\"4_4\"][et_pb_post_title _builder_version=\"3.14\" meta=\"off\" featured_image=\"off\" \/][\/et_pb_column][\/et_pb_row][et_pb_row][et_pb_column type=\"1_2\"][et_pb_text admin_label=\"Studentische Eigeninitiativen\" _builder_version=\"3.14\"]<\/p><h2 class=\"schwarz text1\">Studentische Eigeninitiativen<\/h2><div class=\"text\"><div class=\"text1\"><p><strong>Du willst mehr \u00fcber studentische Eigeninitiativen erfahren?<\/strong><\/p><p>Studentische Eigeninitiativen sind Gruppen von Studierenden, die sich abseits vom Studium f\u00fcr Kommilitonen oder einen anderen wohlt\u00e4tigen Zweck engagieren. Beispiele f\u00fcr dieses Engagement sind kulturelle und sportliche Belange, Theaterauff\u00fchrungen und Konzerte, Printmedien und Radiosendungen, Studierendenaustausche oder fachspezifische Weiterbildung. Unten auf der Seite findet ihr eine Gesamt\u00fcbersicht aller Eigeninitiativen.<\/p><\/div><\/div><p>[\/et_pb_text][et_pb_text admin_label=\"Downloads Titel\" _builder_version=\"3.14\"]<\/p><h2>Downloads<\/h2><p>[\/et_pb_text][et_pb_text _builder_version=\"3.17.6\"]<\/p><p>[wpdm_package id='976']<\/p><p>[\/et_pb_text][\/et_pb_column][et_pb_column type=\"1_2\"][et_pb_text _builder_version=\"3.14\"]<\/p><p>Ihr seid mit eurer Initiative nicht vertreten oder die Angaben sind nicht korrekt? Dann schickt eine Mail mit:<\/p><ul><li>Namen der Initiative<\/li><li>Link zur Homepage (oder falls nicht vorhanden eure Mail-Adresse)<\/li><li>Zuordnung zur einer (!) der oben genannten Kategorien<\/li><\/ul><p>an:\u00a0<a href=\"mailto:eigenini@asta.rwth-aachen.de\">eigenini@asta.rwth-aachen.de<\/a><\/p><p>Ihr sucht eine interessante Besch\u00e4ftigung neben der Uni und wollt neue Leute kennenlernen? Wir beraten euch zum Angebot studentischer Eigeninitiativen und Vereine!<br \/>Oder seid ihr bereits in einer studentischen Eigeninitiative aktiv und braucht Unterst\u00fctzung? Haben wir deine studentische Eigeninitiative vergessen aufzuf\u00fchren?<\/p><p>F\u00fcr weitere Infos und Hilfe schreibt uns einfach eine\u00a0<a href=\"mailto:eigenini@asta.rwth-aachen.de\">Mail<\/a>.<\/p><p>[\/et_pb_text][\/et_pb_column][\/et_pb_row][\/et_pb_section]<\/p>","_et_gb_content_width":"","episode_type":"","audio_file":"","podmotor_file_id":"","podmotor_episode_id":"","cover_image":"","cover_image_id":"","duration":"","filesize":"","filesize_raw":"","date_recorded":"","explicit":"","block":"","itunes_episode_number":"","itunes_title":"","itunes_season_number":"","itunes_episode_type":"","footnotes":""},"class_list":["post-14786","page","type-page","status-publish","hentry"],"publishpress_future_action":{"enabled":false,"date":"2026-04-18 23:05:58","action":"change-status","newStatus":"draft","terms":[],"taxonomy":"translation_priority","extraData":[]},"publishpress_future_workflow_manual_trigger":{"enabledWorkflows":[]},"_links":{"self":[{"href":"https:\/\/www.asta.rwth-aachen.de\/en\/wp-json\/wp\/v2\/pages\/14786","targetHints":{"allow":["GET"]}}],"collection":[{"href":"https:\/\/www.asta.rwth-aachen.de\/en\/wp-json\/wp\/v2\/pages"}],"about":[{"href":"https:\/\/www.asta.rwth-aachen.de\/en\/wp-json\/wp\/v2\/types\/page"}],"author":[{"embeddable":true,"href":"https:\/\/www.asta.rwth-aachen.de\/en\/wp-json\/wp\/v2\/users\/1"}],"replies":[{"embeddable":true,"href":"https:\/\/www.asta.rwth-aachen.de\/en\/wp-json\/wp\/v2\/comments?post=14786"}],"version-history":[{"count":0,"href":"https:\/\/www.asta.rwth-aachen.de\/en\/wp-json\/wp\/v2\/pages\/14786\/revisions"}],"up":[{"embeddable":true,"href":"https:\/\/www.asta.rwth-aachen.de\/en\/wp-json\/wp\/v2\/pages\/11042"}],"wp:attachment":[{"href":"https:\/\/www.asta.rwth-aachen.de\/en\/wp-json\/wp\/v2\/media?parent=14786"}],"curies":[{"name":"wp","href":"https:\/\/api.w.org\/{rel}","templated":true}]}}