{"id":15971,"date":"2020-12-29T23:37:54","date_gmt":"2020-12-29T22:37:54","guid":{"rendered":"https:\/\/www.asta.rwth-aachen.de\/?page_id=15971"},"modified":"2020-12-29T23:44:37","modified_gmt":"2020-12-29T22:44:37","slug":"unsercampus","status":"publish","type":"page","link":"https:\/\/www.asta.rwth-aachen.de\/en\/unsercampus\/","title":{"rendered":"#unserCampus"},"content":{"rendered":"<p>[et_pb_section fb_built=&#8221;1&#8243; _builder_version=&#8221;4.4.8&#8243;][et_pb_row _builder_version=&#8221;4.4.8&#8243;][et_pb_column type=&#8221;4_4&#8243; _builder_version=&#8221;4.4.8&#8243;][et_pb_text _builder_version=&#8221;4.7.4&#8243;]<\/p>\n<h2>#unserCampus<\/h2>\n<p>It is the place where we go about our daily studies, so we are not satisfied with standing still. The Department of Culture is in constant exchange with the university and the city to implement new concepts, improve blemishes and make the campus more livable. Here you can find a list of projects, both past and present. For feedback, you can always contact <a href=\"mailto:kultur@asta.rwth-aachen.de\">kultur@asta.rwth-aachen.de<\/a>.<\/p>\n<p>[\/et_pb_text][\/et_pb_column][\/et_pb_row][et_pb_row column_structure=&#8221;1_2,1_2&#8243; _builder_version=&#8221;4.4.8&#8243;][et_pb_column type=&#8221;1_2&#8243; _builder_version=&#8221;4.4.8&#8243;][et_pb_cta title=&#8221;Audimax underpass&#8221; button_url=&#8221;http:\/\/asta.ac\/unterf\u00fchrung&#8221; url_new_window=&#8221;on&#8221; button_text=&#8221;click here for the project page&#8221; _builder_version=&#8221;4.7.4&#8243; background_image=&#8221;https:\/\/www.asta.rwth-aachen.de\/wp-content\/uploads\/IMG_20200608_201403-scaled.jpg&#8221; body_text_shadow_style=&#8221;preset3&#8243; body_text_shadow_blur_strength=&#8221;0.57em&#8221; body_text_shadow_color=&#8221;#000000&#8243;]<span style=\"color: #ffffff;\">The underpass between the Audimax and the Mensa has long been a dark place with inch-thick billboards and the smell of urine. In an artists&#8217; competition, you decided that Senor Schnu could redesign the underpass, and the result is something to be proud of.<\/span>[\/et_pb_cta][\/et_pb_column][et_pb_column type=&#8221;1_2&#8243; _builder_version=&#8221;4.4.8&#8243;][et_pb_cta title=&#8221;Karman beer garden&#8221; button_url=&#8221;https:\/\/www.asta.rwth-aachen.de\/en\/projekte\/karman-biergarten\/&#8221; url_new_window=&#8221;on&#8221; button_text=&#8221;click here for the project page&#8221; _builder_version=&#8221;4.7.4&#8243; background_image=&#8221;https:\/\/www.asta.rwth-aachen.de\/wp-content\/uploads\/IMG-18.6-KPH-1-scaled.jpg&#8221; background_position=&#8221;bottom_left&#8221; hover_enabled=&#8221;0&#8243; header_text_shadow_style=&#8221;preset2&#8243; header_text_shadow_blur_strength=&#8221;0.39em&#8221; header_text_shadow_color=&#8221;#000000&#8243; body_text_shadow_style=&#8221;preset2&#8243; body_text_shadow_blur_strength=&#8221;0.06em&#8221; body_text_shadow_color=&#8221;#000000&#8243; sticky_enabled=&#8221;0&#8243;]<span style=\"color: #ffffff;\">The Karman courtyard is being redesigned as part of the Karman renovations. Together with the RWTH rectorate, we want to establish a student beer garden. The special thing about the project is that the call for design ideas is open RWTH-wide.<\/span>[\/et_pb_cta][\/et_pb_column][\/et_pb_row][\/et_pb_section]<\/p>\n","protected":false},"excerpt":{"rendered":"<p>#unserCampus It is the place where we go about our daily studies, so we are not satisfied with standing still. The Department of Culture is in constant exchange with the university and the city to implement new concepts, improve blemishes and make the campus more livable. Here you can find a list of projects, both [&hellip;]<\/p>\n","protected":false},"author":85,"featured_media":0,"parent":0,"menu_order":0,"comment_status":"closed","ping_status":"closed","template":"","meta":{"_et_pb_use_builder":"on","_et_pb_old_content":"<p>[et_pb_section fb_built=\"1\" _builder_version=\"4.4.8\"][et_pb_row _builder_version=\"4.4.8\"][et_pb_column type=\"4_4\" _builder_version=\"4.4.8\"][et_pb_text _builder_version=\"4.5.3\"]<\/p><h2>#unserCampus<\/h2><p>Es ist der Ort an dem wir unseren Studienalltag bestreiten, daher geben wir uns mit Stillstand nicht zufrieden. Das Referat f\u00fcr Kultur steht in st\u00e4ndigem Austausch mit der Hochschule und der Stadt, um neue Konzepte umzusetzen, Sch\u00f6nheitsfehler auszubessern und den Campus lebenswerter zu gestalten. Hier findet ihr eine Auflistung von Projekten, sowohl vergangene als auch aktuelle. Bei Feedback k\u00f6nnt ihr euch immer an <a href=\"mailto:kultur@asta.rwth-aachen.de\">kultur@asta.rwth-aachen.de<\/a> wenden.<\/p><p>[\/et_pb_text][\/et_pb_column][\/et_pb_row][et_pb_row column_structure=\"1_2,1_2\" _builder_version=\"4.4.8\"][et_pb_column type=\"1_2\" _builder_version=\"4.4.8\"][et_pb_cta title=\"Audimax-Unterf\u00fchrung\" button_url=\"http:\/\/asta.ac\/unterf\u00fchrung\" url_new_window=\"on\" button_text=\"hier gehts zur Projektseite\" _builder_version=\"4.4.8\" background_image=\"https:\/\/www.asta.rwth-aachen.de\/wp-content\/uploads\/IMG_20200608_201403-scaled.jpg\" body_text_shadow_style=\"preset3\" body_text_shadow_blur_strength=\"0.57em\" body_text_shadow_color=\"#000000\"]<\/p><p><span style=\"color: #ffffff;\">Die Unterf\u00fchrung zwischen Audimax und Mensa war lange ein dunkler Ort mit zentimeterdicken Plakatw\u00e4nden und dem Duft nach Urin. In einem Wettbewerb der K\u00fcnstler habt ihr entschieden, dass Senor Schnu die Unterf\u00fchrung neu gestalten darf, das Ergebnis kann sich sehen lassen.<\/span><\/p><p>[\/et_pb_cta][\/et_pb_column][et_pb_column type=\"1_2\" _builder_version=\"4.4.8\"][et_pb_cta title=\"Karman-Biergarten\" button_url=\"https:\/\/www.asta.rwth-aachen.de\/projekte\/karman-biergarten\/\" url_new_window=\"on\" button_text=\"hier gehts zur Projektseite\" _builder_version=\"4.5.3\" background_image=\"https:\/\/www.asta.rwth-aachen.de\/wp-content\/uploads\/IMG-18.6-KPH-1-scaled.jpg\" hover_enabled=\"0\" body_text_shadow_style=\"preset2\" body_text_shadow_blur_strength=\"0.06em\" body_text_shadow_color=\"#000000\" header_text_shadow_style=\"preset2\" header_text_shadow_blur_strength=\"0.39em\" header_text_shadow_color=\"#000000\" title_text=\"IMG 18.6 KPH (1)\" background_position=\"bottom_left\"]<\/p><p><span style=\"color: #ffffff;\">Der Karman-Innenhof wird im Zuge der Karman-Sanierungen umgestaltet. Gemeinsam mit dem Rektorat der RWTH wollen wir einen studentischen Biergarten etablieren. Das besondere bei dem Projekt ist, dass die Ausschreibung f\u00fcr Gestaltungsideen RWTH-weit offen ist.<\/span><\/p><p>[\/et_pb_cta][\/et_pb_column][\/et_pb_row][\/et_pb_section]<\/p>","_et_gb_content_width":"","episode_type":"","audio_file":"","podmotor_file_id":"","podmotor_episode_id":"","cover_image":"","cover_image_id":"","duration":"","filesize":"","filesize_raw":"","date_recorded":"","explicit":"","block":"","itunes_episode_number":"","itunes_title":"","itunes_season_number":"","itunes_episode_type":"","footnotes":""},"class_list":["post-15971","page","type-page","status-publish","hentry"],"publishpress_future_action":{"enabled":false,"date":"2026-05-02 07:50:05","action":"change-status","newStatus":"draft","terms":[],"taxonomy":"translation_priority","extraData":[]},"publishpress_future_workflow_manual_trigger":{"enabledWorkflows":[]},"_links":{"self":[{"href":"https:\/\/www.asta.rwth-aachen.de\/en\/wp-json\/wp\/v2\/pages\/15971","targetHints":{"allow":["GET"]}}],"collection":[{"href":"https:\/\/www.asta.rwth-aachen.de\/en\/wp-json\/wp\/v2\/pages"}],"about":[{"href":"https:\/\/www.asta.rwth-aachen.de\/en\/wp-json\/wp\/v2\/types\/page"}],"author":[{"embeddable":true,"href":"https:\/\/www.asta.rwth-aachen.de\/en\/wp-json\/wp\/v2\/users\/85"}],"replies":[{"embeddable":true,"href":"https:\/\/www.asta.rwth-aachen.de\/en\/wp-json\/wp\/v2\/comments?post=15971"}],"version-history":[{"count":0,"href":"https:\/\/www.asta.rwth-aachen.de\/en\/wp-json\/wp\/v2\/pages\/15971\/revisions"}],"wp:attachment":[{"href":"https:\/\/www.asta.rwth-aachen.de\/en\/wp-json\/wp\/v2\/media?parent=15971"}],"curies":[{"name":"wp","href":"https:\/\/api.w.org\/{rel}","templated":true}]}}