{"id":15977,"date":"2020-12-29T23:43:33","date_gmt":"2020-12-29T22:43:33","guid":{"rendered":"https:\/\/www.asta.rwth-aachen.de\/?page_id=15977"},"modified":"2020-12-29T23:54:16","modified_gmt":"2020-12-29T22:54:16","slug":"karman-biergarten","status":"publish","type":"page","link":"https:\/\/www.asta.rwth-aachen.de\/en\/karman-biergarten\/","title":{"rendered":"Karman-Biergarten"},"content":{"rendered":"<p>[et_pb_section fb_built=&#8221;1&#8243; _builder_version=&#8221;4.4.8&#8243;][et_pb_row _builder_version=&#8221;4.4.8&#8243;][et_pb_column type=&#8221;4_4&#8243; _builder_version=&#8221;4.4.8&#8243;][et_pb_text _builder_version=&#8221;4.7.4&#8243; custom_padding=&#8221;2px|||||&#8221; hover_enabled=&#8221;0&#8243; sticky_enabled=&#8221;0&#8243;]<\/p>\n<h2>#UnserCampus &#8211; Beer garden in the K\u00e1rm\u00e1n courtyard<\/h2>\n<p>[\/et_pb_text][et_pb_image src=&#8221;https:\/\/www.asta.rwth-aachen.de\/wp-content\/uploads\/Biergarten-Titelbild_scale-e1592401621782.png&#8221; title_text=&#8221;Biergarten Titelbild_scale&#8221; _builder_version=&#8221;4.4.8&#8243;][\/et_pb_image][\/et_pb_column][\/et_pb_row][et_pb_row column_structure=&#8221;3_4,1_4&#8243; _builder_version=&#8221;4.4.8&#8243;][et_pb_column type=&#8221;3_4&#8243; _builder_version=&#8221;4.4.8&#8243;][et_pb_text _builder_version=&#8221;4.7.4&#8243; text_font_size=&#8221;16px&#8221; text_line_height=&#8221;1.5em&#8221; hover_enabled=&#8221;0&#8243; sticky_enabled=&#8221;0&#8243;]<\/p>\n<p>As part of its 150th anniversary celebrations, RWTH is taking steps to beautify the campus with student-friendly facilities. These include new green spaces, barbecue areas and a beer garden. It is precisely this beer garden that is the subject of this call for proposals. That&#8217;s right, tender, as with the underpass project, you students are once again directly involved.<\/p>\n<p>[\/et_pb_text][et_pb_text _builder_version=&#8221;4.7.4&#8243; text_font_size=&#8221;16px&#8221; text_line_height=&#8221;1.5em&#8221; hover_enabled=&#8221;0&#8243; sticky_enabled=&#8221;0&#8243;]<\/p>\n<p>The goal of the project is to give you students the opportunity to actively participate in the redesign of the campus with your own suggestions. The task is to design a facility with a bar and lounge area with seating and parking, which will be built in the courtyard of the K\u00e1rm\u00e1n Auditorium. This should bring the Central Campus back into the focus of student life and offer students a place for communal exchange and their own leisure time activities. Detailed project information and further general conditions can be found in the project description below. We are looking forward to your creative ideas!<\/p>\n<p>[\/et_pb_text][et_pb_text _builder_version=&#8221;4.7.4&#8243; text_font_size=&#8221;16px&#8221; text_line_height=&#8221;1.5em&#8221; hover_enabled=&#8221;0&#8243; sticky_enabled=&#8221;0&#8243;]<\/p>\n<h3>Participate<\/h3>\n<p>This call for entries is aimed at you. We are looking for concepts, models and cool ideas for the design of the beer garden. It doesn&#8217;t matter to us if you have drawn, tinkered or used a CAD program.<\/p>\n<p>A first pre-selection of the received concepts will be made by the cultural department of the AStA. The most promising ideas are then subjected to further consideration by the responsible organizations BLB (Bau- und Liegenschaftsbetrieb NRW) and Dezernat 10 (Facility Management of RWTH).<\/p>\n<p>Implementation will take place during the renovation of the K\u00e1rm\u00e1n Auditorium, which is scheduled for the end of 2020. During the implementation of the project, it is possible that the concepts will be slightly modified in order to comply with structural specifications, if necessary.<\/p>\n<p>&nbsp;<\/p>\n<p><strong>Einsendeschluss ist der 19.7.2020<\/strong> .<\/p>\n<p>&nbsp;<\/p>\n<p>[\/et_pb_text][et_pb_text _builder_version=&#8221;4.4.8&#8243; text_font_size=&#8221;16px&#8221; text_line_height=&#8221;1.5em&#8221;]<\/p>\n<h3>Gewinnen<\/h3>\n<p>Nat\u00fcrlich springt f\u00fcr euch auch etwas dabei rum. Abgesehen von der Chance, dass euer Konzept in den Bau des Biergartens mit einflie\u00dft hat Rektor Ulrich R\u00fcdiger zugesagt, die Gestalter*innen des besten Konzeptes zum Essen einzuladen. Auch f\u00fcr die Zweit- und Drittplatzierten halten wir Gutscheine bereit, die es zu gewinnen gilt.<br \/>\n[\/et_pb_text][et_pb_text _builder_version=&#8221;4.4.8&#8243; text_font_size=&#8221;16px&#8221; text_line_height=&#8221;1.5em&#8221;]<\/p>\n<h3>Details<\/h3>\n<p>Dein Interesse ist geweckt? Dann kannst du dir hier die Vorraussetzungen und die Wettbewerbskonditionen anschauen:<br \/>\n[\/et_pb_text][et_pb_accordion _builder_version=&#8221;4.5.0&#8243;][et_pb_accordion_item title=&#8221;Vorraussetzungen um Teilzunehmen&#8221; open=&#8221;on&#8221; _builder_version=&#8221;4.4.8&#8243;]Um dich an dem Wettbewerb zu beteiligen musst du folgendes tun:<\/p>\n<ol>\n<li><strong>Studi an der RWTH sein.<br \/>\n<\/strong>Du kannst an diesem Wettbewerb alleine oder in einer Kleingruppe teilnehmen.<strong><br \/>\n<\/strong><\/li>\n<li><strong>Eine oder mehrere Visualisierungen von deinem Konzept einreichen.<\/strong><br \/>\nDazu kannst du Programme wie Sketch Up, Ravit oder andere CAD-Programe verwenden, oder kreativ werden indem du Zeichnungen anfertigst oder Modelle baust. Falls du eine Form der Visualisierung w\u00e4hlst, die hier nicht aufgef\u00fchrt ist, dann ist das auch herzlich willkommen. Falls du Fragen zu den Einzureichenden Materialien hast, kannst du dich immer an die zust\u00e4ndigen Projektleiter wenden (Kontaktdaten gibts am Ende der Seite)<\/li>\n<li><strong>Eine Projekterl\u00e4uterung einreichen<\/strong>.<br \/>\nDie Projekterl\u00e4uterung besteht vor allem aus einem Informationstext, der das Konzept beschreibt. Dabei soll vor allem beschrieben werden, wie die Anforderungen an das Konzept umgesetzt wurden, und wie die einzelnen Elemente gestaltet werden sollen. Hier k\u00f6nnt ihr z.B. auch etwas zu den gew\u00e4hlten Materialien schreiben, M\u00f6belpl\u00e4ne anh\u00e4ngen, euer Motto erkl\u00e4ren und s\u00e4mtliche Details anf\u00fcgen, welche ihr noch loswerden m\u00f6chtet. Wichtig ist hier auch, dass du deine Kontaktdaten hier reinschreibst, damit wir wissen wie wir dich erreichen k\u00f6nnen.<\/li>\n<\/ol>\n<p>Wir haben f\u00fcr euch ein paar Materialien wie z.B. Lagepl\u00e4ne oder CAD-Dateien vom Karman Innenhof zusammengestellt, die ihr f\u00fcr das Erstellen eines Konzeptes nutzen k\u00f6nnt. Den Download findet ihr am Ende der Seite.<br \/>\n[\/et_pb_accordion_item][et_pb_accordion_item title=&#8221;Anforderungen an das Konzept&#8221; _builder_version=&#8221;4.4.8&#8243; open=&#8221;off&#8221;]Da die Konzepte auch m\u00f6glichst vollst\u00e4ndig umgesetzt werden sollen, gibt es einige Rahmenanforderungen, die dein Konzept erf\u00fcllen sollte. Zun\u00e4chst gibt es ein paar allgemeine Anforderungen an das Gesamtkonzept, dann solltest du dir Gedanken dazu machen, wie dein Ausschankbereich aussieht und wie der Bereich aussieht, in dem man sich dann als Gast hinsetzen oder aufhalten kann (Aufenthaltsbereich). Es gibt ein paar Notwendige Gegenst\u00e4nde die ein Biergarten braucht und die du in dein Konzept mit einbeziehen solltest, diese haben wir dir unten aufgelistet.<\/p>\n<p><strong>Allgemeine Informationen zum Projekt &#8220;Biergarten&#8221;<\/strong><\/p>\n<ul>\n<li>Der <strong>Standort<\/strong> der Anlage ist der Karman Innenhof an der Germanistik<\/li>\n<li>Die <strong>Ma\u00dfe<\/strong> des Ausschank Bereichs sind den Pl\u00e4nen zu entnehmen (siehe Abbildung A1, A2, als Download am Ende der Seite)<\/li>\n<li>Die <strong>Begrenzungen<\/strong> sind in den Skizzen (Als Download am Ende der Seite) gekennzeichnet<\/li>\n<li>Die Anlage muss theoretisch wegen \u00dcberwinterung <u>komplett<\/u> abbaubar sein<\/li>\n<li>Verankerungen im Boden sind <u>nicht<\/u> m\u00f6glich!<\/li>\n<li>Ein Getr\u00e4nkelager, ein separater Abstellraum, Sanit\u00e4ranalgen, Wasser- und Stromanschluss sind vom Germanistik-Geb\u00e4ude zur Verf\u00fcgung gestellt<\/li>\n<li>Die im Folgenden aufgez\u00e4hlten Materialien und Zubeh\u00f6re sind das vorgestellte Minimum, Erg\u00e4nzungen und weitere Materialien (Schirme, Z\u00e4une o.\u00c4.) k\u00f6nnen gerne zus\u00e4tzlich genutzt werden<\/li>\n<\/ul>\n<p><strong>Anforderungen an die Materialien und M\u00f6bel<\/strong><\/p>\n<ul>\n<li><u>Kein<\/u> leicht entz\u00fcndliches Material (abgesehen von Holz)<\/li>\n<li>Stabil<\/li>\n<li>Wasserfest<\/li>\n<li>Verletzungsarme Beschaffenheit<\/li>\n<\/ul>\n<p><strong>Notwendige Gegenst\u00e4nde f\u00fcr den Ausschankbereich<\/strong><\/p>\n<ul>\n<li>Lagerplatz\n<ul>\n<li>f\u00fcr Mehrwegbecher<\/li>\n<li>Putzutensilien<\/li>\n<li>Sonstige Gebrauchsgegenst\u00e4nde<\/li>\n<li>Bierfass<\/li>\n<\/ul>\n<\/li>\n<li>Sp\u00fcle<\/li>\n<li>Industrie-Sp\u00fclmaschine<\/li>\n<li>Heizm\u00f6glichkeit<\/li>\n<li>Abfall-Sammelstelle<\/li>\n<li>K\u00fchlbeh\u00e4lter f\u00fcr Kaltgetr\u00e4nke<\/li>\n<li>Mindestens eine Zapfanlage<\/li>\n<li>Beleuchtung<\/li>\n<\/ul>\n<p><strong>Notwendige Gegenst\u00e4nde f\u00fcr den Aufenthaltsbereich<\/strong><\/p>\n<ul>\n<li>Sitzm\u00f6glichkeiten (z.B. Hocker, Couch und Sessel, Palettensitze u.\u00c4.)<\/li>\n<li>Tische (Stehtische, Couchtische, der Bestuhlung entsprechend, u.\u00c4.)<\/li>\n<li>Beleuchtung<\/li>\n<\/ul>\n<p>[\/et_pb_accordion_item][et_pb_accordion_item title=&#8221;Finanzierung&#8221; _builder_version=&#8221;4.4.8&#8243; open=&#8221;off&#8221;]Zurzeit liegt noch kein festes Budget vor, ihr habt also finanziellen Freiraum. Die Finanzierung und Suche nach Sponsoren oder Geldmitteln ist nicht Teil des ausgeschriebenen Projektes, darum k\u00fcmmert sich der AStA.<\/p>\n<p>Eine grobe Sch\u00e4tzung bzw. Aufschl\u00fcsslung der Ausgaben k\u00f6nnen gerne angehangen werden, falls ihr diese bereitstellen k\u00f6nnt. Im Zweifelsfall hat der AStA hiermit die Chance bereits fr\u00fchzeitig diese Information in die Diskussion einzubauen und selber bei der Hochschule und externen nach Finanzierungsm\u00f6glichkeiten zu suchen. <strong>Es werden keine Konzepte nachteilig behandelt, wenn sie dies nicht beinhalten!<\/strong><br \/>\n[\/et_pb_accordion_item][et_pb_accordion_item title=&#8221;Kontaktdaten&#8221; _builder_version=&#8221;4.5.0&#8243; open=&#8221;off&#8221;]R\u00fcckfragen zum Projekt und Einreichen von Konzepten k\u00f6nnen per Mail an <a href=\"mailto:Kultur@asta.rwth-aachen.de. \">Kultur@asta.rwth-aachen.de. <\/a><\/p>\n<p>Falls Dokumente zu gro\u00df f\u00fcr den E-Mail versandt sind, kann man diese auch auf folgenden Link hochladen, achtet bitte darauf einen nach euch oder eurem Team benannten Ordner zu erstellen und eure Kontaktdaten zu hinterlegen, damit wir die Einreihungen danach zuordnen k\u00f6nnen:<br \/>\n<a href=\"https:\/\/rwth-aachen.sciebo.de\/s\/S7tZaTgOoh5dSbn\">https:\/\/rwth-aachen.sciebo.de\/s\/S7tZaTgOoh5dSbn<\/a><\/p>\n<p>Zum Einreichen von Zeichnungen, Modellen und USB-Sticks bitten wir um eine Terminvereinbarung per E-Mail.<\/p>\n<p>Einreichungen per Post bitte an folgende Adresse:<\/p>\n<p><em>AStA der RWTH Aachen<\/em><br \/>\n<em> Referat f\u00fcr Kultur<\/em><br \/>\n<em> Pontwall 3<\/em><br \/>\n<em> 52062 Aachen<\/em><br \/>\n[\/et_pb_accordion_item][\/et_pb_accordion][\/et_pb_column][et_pb_column type=&#8221;1_4&#8243; _builder_version=&#8221;4.4.8&#8243;][et_pb_button button_url=&#8221;https:\/\/www.asta.rwth-aachen.de\/projekte\/karman-biergarten\/einsendungen\/&#8221; button_text=&#8221;Hier geht&#8217;s zu den Einsendungen!&#8221; _builder_version=&#8221;4.5.3&#8243; _module_preset=&#8221;default&#8221;][\/et_pb_button][et_pb_gallery gallery_ids=&#8221;11401,11393,11375,11367&#8243; show_title_and_caption=&#8221;off&#8221; show_pagination=&#8221;off&#8221; _builder_version=&#8221;4.5.3&#8243; custom_margin=&#8221;||2px|||&#8221;][\/et_pb_gallery][et_pb_cta title=&#8221;Downloads&#8221; button_url=&#8221;https:\/\/drive.google.com\/drive\/folders\/1RsuuU8LHLue4RSX-Jzze26qCUIgSkTG3?usp=sharing&#8221; url_new_window=&#8221;on&#8221; button_text=&#8221;zum Download&#8221; _builder_version=&#8221;4.4.8&#8243;]Skizzen, Zeichnungen, CAD-Vorlagen sowie weitere Materialien, welche ihr f\u00fcr eure Konzepte nutzen k\u00f6nnt.<br \/>\n[\/et_pb_cta][\/et_pb_column][\/et_pb_row][\/et_pb_section]<\/p>\n","protected":false},"excerpt":{"rendered":"<p>#UnserCampus &#8211; Beer garden in the K\u00e1rm\u00e1n courtyard As part of its 150th anniversary celebrations, RWTH is taking steps to beautify the campus with student-friendly facilities. These include new green spaces, barbecue areas and a beer garden. It is precisely this beer garden that is the subject of this call for proposals. That&#8217;s right, tender, [&hellip;]<\/p>\n","protected":false},"author":85,"featured_media":0,"parent":0,"menu_order":0,"comment_status":"closed","ping_status":"closed","template":"","meta":{"_et_pb_use_builder":"on","_et_pb_old_content":"<p>[et_pb_section fb_built=\"1\" _builder_version=\"4.4.8\"][et_pb_row _builder_version=\"4.4.8\"][et_pb_column type=\"4_4\" _builder_version=\"4.4.8\"][et_pb_text _builder_version=\"4.5.0\" custom_padding=\"2px|||||\"]<\/p><h2>#UnserCampus - Biergarten im K\u00e1rm\u00e1n Innenhof<\/h2><p>[\/et_pb_text][et_pb_image src=\"https:\/\/www.asta.rwth-aachen.de\/wp-content\/uploads\/Biergarten-Titelbild_scale-e1592401621782.png\" title_text=\"Biergarten Titelbild_scale\" _builder_version=\"4.4.8\"][\/et_pb_image][\/et_pb_column][\/et_pb_row][et_pb_row column_structure=\"3_4,1_4\" _builder_version=\"4.4.8\"][et_pb_column type=\"3_4\" _builder_version=\"4.4.8\"][et_pb_text _builder_version=\"4.5.0\" text_font_size=\"16px\" text_line_height=\"1.5em\"]<\/p><p>Im Rahmen der 150-Jahresfeier nimmt die RWTH sich vor den Campus durch studentenfreundliche Anlagen zu versch\u00f6nern. Darunter fallen unter Anderem neue Gr\u00fcnanlagen, Grillpl\u00e4tze und ein Biergarten. Genau dieser Biergarten ist Thema dieser Ausschreibung. Richtig gelesen, <strong>Ausschreibung<\/strong>, wie schon bei dem Unterf\u00fchrungsprojekt seid ihr Studis wieder direkt dabei.<\/p><p>[\/et_pb_text][et_pb_text _builder_version=\"4.5.0\" text_font_size=\"16px\" text_line_height=\"1.5em\"]<\/p><p>Ziel des Projekts ist es, euch Studis die M\u00f6glichkeit zu geben mit eigenen Vorschl\u00e4gen aktiv bei der Neugestaltung des Campus mitzuwirken. Die Aufgabe dabei ist es, eine Anlage mit Ausschankbereich und Aufenthaltsbereich mit Sitz- und Abstellm\u00f6glichkeiten zu gestalten, welche im Innenhof des K\u00e1rm\u00e1n Auditoriums aufgebaut werden soll. Hierdurch soll der Zentrale Campus wieder st\u00e4rker in den Fokus des studentischen Lebens r\u00fccken und den Studierenden einen Ort f\u00fcr den gemeinschaftlichen Austausch und die eigene Freizeitgestaltung bieten. Detaillierte Projektinformationen und weitere Rahmenbedingungen k\u00f6nnt ihr in der unten aufgef\u00fchrten Projektbeschreibung nachlesen. Wir freuen uns auf eure kreativen Ideen!<\/p><p>[\/et_pb_text][et_pb_text _builder_version=\"4.5.0\" text_font_size=\"16px\" text_line_height=\"1.5em\"]<\/p><h3>Mitmachen<\/h3><p>Diese Ausschreibung richtet sich an euch. Wir suchen Konzepte, Modelle und coole Ideen f\u00fcr die Gestaltung des Biergartens. Ob gezeichnet, gebastelt oder mit einem CAD-Programm angefertigt ist uns dabei vollkommen egal.<\/p><p>Eine erste Vorauswahl der eingegangenen Konzepte erfolgt durch das Kulturreferat des AStA. Die vielversprechendsten Ideen werden anschlie\u00dfend durch die zust\u00e4ndigen Organisationen BLB (Bau- und Liegenschaftsbetrieb NRW) und Dezernat 10 (Facility Management der RWTH) einer weiteren Betrachtung unterzogen.<\/p><p>Die Umsetzung erfolgt bei der Sanierung des K\u00e1rm\u00e1n-Auditoriums, die f\u00fcr Ende 2020 geplant ist. Bei der Umsetzung des Projekts kann es sein, dass die Konzepte leicht ver\u00e4ndert werden, um ggf. baulichen Vorgaben zu entsprechen.<\/p><p><strong>Einsendeschluss ist der 19.7.2020<\/strong> .<\/p><p>\u00a0<\/p><p>[\/et_pb_text][et_pb_text _builder_version=\"4.4.8\" text_font_size=\"16px\" text_line_height=\"1.5em\"]<\/p><h3>Gewinnen<\/h3><p>Nat\u00fcrlich springt f\u00fcr euch auch etwas dabei rum. Abgesehen von der Chance, dass euer Konzept in den Bau des Biergartens mit einflie\u00dft hat Rektor Ulrich R\u00fcdiger zugesagt, die Gestalter*innen des besten Konzeptes zum Essen einzuladen. Auch f\u00fcr die Zweit- und Drittplatzierten halten wir Gutscheine bereit, die es zu gewinnen gilt.<\/p><p>[\/et_pb_text][et_pb_text _builder_version=\"4.4.8\" text_font_size=\"16px\" text_line_height=\"1.5em\"]<\/p><h3>Details<\/h3><p>Dein Interesse ist geweckt? Dann kannst du dir hier die Vorraussetzungen und die Wettbewerbskonditionen anschauen:<\/p><p>[\/et_pb_text][et_pb_accordion _builder_version=\"4.5.0\"][et_pb_accordion_item title=\"Vorraussetzungen um Teilzunehmen\" open=\"on\" _builder_version=\"4.4.8\"]<\/p><p>Um dich an dem Wettbewerb zu beteiligen musst du folgendes tun:<\/p><ol><li><strong>Studi an der RWTH sein.<br \/><\/strong>Du kannst an diesem Wettbewerb alleine oder in einer Kleingruppe teilnehmen.<strong><br \/><\/strong><\/li><li><strong>Eine oder mehrere Visualisierungen von deinem Konzept einreichen.<\/strong><br \/>Dazu kannst du Programme wie Sketch Up, Ravit oder andere CAD-Programe verwenden, oder kreativ werden indem du Zeichnungen anfertigst oder Modelle baust. Falls du eine Form der Visualisierung w\u00e4hlst, die hier nicht aufgef\u00fchrt ist, dann ist das auch herzlich willkommen. Falls du Fragen zu den Einzureichenden Materialien hast, kannst du dich immer an die zust\u00e4ndigen Projektleiter wenden (Kontaktdaten gibts am Ende der Seite)<\/li><li><strong>Eine Projekterl\u00e4uterung einreichen<\/strong>.<br \/>Die Projekterl\u00e4uterung besteht vor allem aus einem Informationstext, der das Konzept beschreibt. Dabei soll vor allem beschrieben werden, wie die Anforderungen an das Konzept umgesetzt wurden, und wie die einzelnen Elemente gestaltet werden sollen. Hier k\u00f6nnt ihr z.B. auch etwas zu den gew\u00e4hlten Materialien schreiben, M\u00f6belpl\u00e4ne anh\u00e4ngen, euer Motto erkl\u00e4ren und s\u00e4mtliche Details anf\u00fcgen, welche ihr noch loswerden m\u00f6chtet. Wichtig ist hier auch, dass du deine Kontaktdaten hier reinschreibst, damit wir wissen wie wir dich erreichen k\u00f6nnen.<\/li><\/ol><p>Wir haben f\u00fcr euch ein paar Materialien wie z.B. Lagepl\u00e4ne oder CAD-Dateien vom Karman Innenhof zusammengestellt, die ihr f\u00fcr das Erstellen eines Konzeptes nutzen k\u00f6nnt. Den Download findet ihr am Ende der Seite.<\/p><p>[\/et_pb_accordion_item][et_pb_accordion_item title=\"Anforderungen an das Konzept\" _builder_version=\"4.4.8\" open=\"off\"]<\/p><p>Da die Konzepte auch m\u00f6glichst vollst\u00e4ndig umgesetzt werden sollen, gibt es einige Rahmenanforderungen, die dein Konzept erf\u00fcllen sollte. Zun\u00e4chst gibt es ein paar allgemeine Anforderungen an das Gesamtkonzept, dann solltest du dir Gedanken dazu machen, wie dein Ausschankbereich aussieht und wie der Bereich aussieht, in dem man sich dann als Gast hinsetzen oder aufhalten kann (Aufenthaltsbereich). Es gibt ein paar Notwendige Gegenst\u00e4nde die ein Biergarten braucht und die du in dein Konzept mit einbeziehen solltest, diese haben wir dir unten aufgelistet.<\/p><p><strong>Allgemeine Informationen zum Projekt \"Biergarten\"<\/strong><\/p><ul><li>Der <strong>Standort<\/strong> der Anlage ist der Karman Innenhof an der Germanistik<\/li><li>Die <strong>Ma\u00dfe<\/strong> des Ausschank Bereichs sind den Pl\u00e4nen zu entnehmen (siehe Abbildung A1, A2, als Download am Ende der Seite)<\/li><li>Die <strong>Begrenzungen<\/strong> sind in den Skizzen (Als Download am Ende der Seite) gekennzeichnet<\/li><li>Die Anlage muss theoretisch wegen \u00dcberwinterung <u>komplett<\/u> abbaubar sein<\/li><li>Verankerungen im Boden sind <u>nicht<\/u> m\u00f6glich!<\/li><li>Ein Getr\u00e4nkelager, ein separater Abstellraum, Sanit\u00e4ranalgen, Wasser- und Stromanschluss sind vom Germanistik-Geb\u00e4ude zur Verf\u00fcgung gestellt<\/li><li>Die im Folgenden aufgez\u00e4hlten Materialien und Zubeh\u00f6re sind das vorgestellte Minimum, Erg\u00e4nzungen und weitere Materialien (Schirme, Z\u00e4une o.\u00c4.) k\u00f6nnen gerne zus\u00e4tzlich genutzt werden<\/li><\/ul><p><strong>Anforderungen an die Materialien und M\u00f6bel<\/strong><\/p><ul><li><u>Kein<\/u> leicht entz\u00fcndliches Material (abgesehen von Holz)<\/li><li>Stabil<\/li><li>Wasserfest<\/li><li>Verletzungsarme Beschaffenheit<\/li><\/ul><p><strong>Notwendige Gegenst\u00e4nde f\u00fcr den Ausschankbereich<\/strong><\/p><ul><li>Lagerplatz<ul><li>f\u00fcr Mehrwegbecher<\/li><li>Putzutensilien<\/li><li>Sonstige Gebrauchsgegenst\u00e4nde<\/li><li>Bierfass<\/li><\/ul><\/li><li>Sp\u00fcle<\/li><li>Industrie-Sp\u00fclmaschine<\/li><li>Heizm\u00f6glichkeit<\/li><li>Abfall-Sammelstelle<\/li><li>K\u00fchlbeh\u00e4lter f\u00fcr Kaltgetr\u00e4nke<\/li><li>Mindestens eine Zapfanlage<\/li><li>Beleuchtung<\/li><\/ul><p><strong>Notwendige Gegenst\u00e4nde f\u00fcr den Aufenthaltsbereich<\/strong><\/p><ul><li>Sitzm\u00f6glichkeiten (z.B. Hocker, Couch und Sessel, Palettensitze u.\u00c4.)<\/li><li>Tische (Stehtische, Couchtische, der Bestuhlung entsprechend, u.\u00c4.)<\/li><li>Beleuchtung<\/li><\/ul><p>[\/et_pb_accordion_item][et_pb_accordion_item title=\"Finanzierung\" _builder_version=\"4.4.8\" open=\"off\"]<\/p><p>Zurzeit liegt noch kein festes Budget vor, ihr habt also finanziellen Freiraum. Die Finanzierung und Suche nach Sponsoren oder Geldmitteln ist nicht Teil des ausgeschriebenen Projektes, darum k\u00fcmmert sich der AStA.<\/p><p>Eine grobe Sch\u00e4tzung bzw. Aufschl\u00fcsslung der Ausgaben k\u00f6nnen gerne angehangen werden, falls ihr diese bereitstellen k\u00f6nnt. Im Zweifelsfall hat der AStA hiermit die Chance bereits fr\u00fchzeitig diese Information in die Diskussion einzubauen und selber bei der Hochschule und externen nach Finanzierungsm\u00f6glichkeiten zu suchen. <strong>Es werden keine Konzepte nachteilig behandelt, wenn sie dies nicht beinhalten!<\/strong><\/p><p>[\/et_pb_accordion_item][et_pb_accordion_item title=\"Kontaktdaten\" _builder_version=\"4.5.0\" open=\"off\"]<\/p><p>R\u00fcckfragen zum Projekt und Einreichen von Konzepten k\u00f6nnen per Mail an <a href=\"mailto:Kultur@asta.rwth-aachen.de. \">Kultur@asta.rwth-aachen.de. <\/a><\/p><p>Falls Dokumente zu gro\u00df f\u00fcr den E-Mail versandt sind, kann man diese auch auf folgenden Link hochladen, achtet bitte darauf einen nach euch oder eurem Team benannten Ordner zu erstellen und eure Kontaktdaten zu hinterlegen, damit wir die Einreihungen danach zuordnen k\u00f6nnen: <br \/><a href=\"https:\/\/rwth-aachen.sciebo.de\/s\/S7tZaTgOoh5dSbn\">https:\/\/rwth-aachen.sciebo.de\/s\/S7tZaTgOoh5dSbn<\/a><\/p><p>Zum Einreichen von Zeichnungen, Modellen und USB-Sticks bitten wir um eine Terminvereinbarung per E-Mail.<\/p><p>Einreichungen per Post bitte an folgende Adresse:<\/p><p><em>AStA der RWTH Aachen<\/em><br \/><em> Referat f\u00fcr Kultur<\/em><br \/><em> Pontwall 3<\/em><br \/><em> 52062 Aachen<\/em><\/p><p>[\/et_pb_accordion_item][\/et_pb_accordion][\/et_pb_column][et_pb_column type=\"1_4\" _builder_version=\"4.4.8\"][et_pb_button button_url=\"https:\/\/www.asta.rwth-aachen.de\/projekte\/karman-biergarten\/einsendungen\/\" button_text=\"Hier geht's zu den Einsendungen!\" _builder_version=\"4.5.3\" _module_preset=\"default\"][\/et_pb_button][et_pb_gallery gallery_ids=\"11400,11392,11374,11366\" show_title_and_caption=\"off\" show_pagination=\"off\" _builder_version=\"4.5.3\" custom_margin=\"||2px|||\" hover_enabled=\"0\"][\/et_pb_gallery][et_pb_cta title=\"Downloads\" button_url=\"https:\/\/drive.google.com\/drive\/folders\/1RsuuU8LHLue4RSX-Jzze26qCUIgSkTG3?usp=sharing\" url_new_window=\"on\" button_text=\"zum Download\" _builder_version=\"4.4.8\"]<\/p><p>Skizzen, Zeichnungen, CAD-Vorlagen sowie weitere Materialien, welche ihr f\u00fcr eure Konzepte nutzen k\u00f6nnt.<\/p><p>[\/et_pb_cta][\/et_pb_column][\/et_pb_row][\/et_pb_section]<\/p>","_et_gb_content_width":"","episode_type":"","audio_file":"","podmotor_file_id":"","podmotor_episode_id":"","cover_image":"","cover_image_id":"","duration":"","filesize":"","filesize_raw":"","date_recorded":"","explicit":"","block":"","itunes_episode_number":"","itunes_title":"","itunes_season_number":"","itunes_episode_type":"","footnotes":""},"class_list":["post-15977","page","type-page","status-publish","hentry"],"publishpress_future_action":{"enabled":false,"date":"2026-04-30 13:41:55","action":"change-status","newStatus":"draft","terms":[],"taxonomy":"translation_priority","extraData":[]},"publishpress_future_workflow_manual_trigger":{"enabledWorkflows":[]},"_links":{"self":[{"href":"https:\/\/www.asta.rwth-aachen.de\/en\/wp-json\/wp\/v2\/pages\/15977","targetHints":{"allow":["GET"]}}],"collection":[{"href":"https:\/\/www.asta.rwth-aachen.de\/en\/wp-json\/wp\/v2\/pages"}],"about":[{"href":"https:\/\/www.asta.rwth-aachen.de\/en\/wp-json\/wp\/v2\/types\/page"}],"author":[{"embeddable":true,"href":"https:\/\/www.asta.rwth-aachen.de\/en\/wp-json\/wp\/v2\/users\/85"}],"replies":[{"embeddable":true,"href":"https:\/\/www.asta.rwth-aachen.de\/en\/wp-json\/wp\/v2\/comments?post=15977"}],"version-history":[{"count":0,"href":"https:\/\/www.asta.rwth-aachen.de\/en\/wp-json\/wp\/v2\/pages\/15977\/revisions"}],"wp:attachment":[{"href":"https:\/\/www.asta.rwth-aachen.de\/en\/wp-json\/wp\/v2\/media?parent=15977"}],"curies":[{"name":"wp","href":"https:\/\/api.w.org\/{rel}","templated":true}]}}