{"id":32516,"date":"2022-05-06T09:55:24","date_gmt":"2022-05-06T07:55:24","guid":{"rendered":"https:\/\/www.asta.rwth-aachen.de\/?page_id=32516"},"modified":"2025-11-10T18:47:08","modified_gmt":"2025-11-10T17:47:08","slug":"tag-der-studentischen-initiativen","status":"publish","type":"page","link":"https:\/\/www.asta.rwth-aachen.de\/en\/tag-der-studentischen-initiativen\/","title":{"rendered":"Tag der studentischen Initiativen"},"content":{"rendered":"<p>[et_pb_section fb_built=&#8221;1&#8243; _builder_version=&#8221;4.16&#8243; _module_preset=&#8221;default&#8221; global_colors_info=&#8221;{}&#8221;][et_pb_row _builder_version=&#8221;4.16&#8243; _module_preset=&#8221;default&#8221; custom_padding=&#8221;||0px|||&#8221; global_colors_info=&#8221;{}&#8221;][et_pb_column type=&#8221;4_4&#8243; _builder_version=&#8221;4.16&#8243; _module_preset=&#8221;default&#8221; global_colors_info=&#8221;{}&#8221;][et_pb_text _builder_version=&#8221;4.16&#8243; _module_preset=&#8221;default&#8221; custom_margin=&#8221;||0px|||&#8221; global_colors_info=&#8221;{}&#8221;]<\/p>\n<h2>Student Initiatives Day<\/h2>\n<p>[\/et_pb_text][\/et_pb_column][\/et_pb_row][et_pb_row column_structure=&#8221;2_3,1_3&#8243; _builder_version=&#8221;4.16&#8243; _module_preset=&#8221;default&#8221; custom_padding=&#8221;2px||2px|||&#8221; global_colors_info=&#8221;{}&#8221;][et_pb_column type=&#8221;2_3&#8243; _builder_version=&#8221;4.16&#8243; _module_preset=&#8221;default&#8221; global_colors_info=&#8221;{}&#8221;][et_pb_text _builder_version=&#8221;4.19.4&#8243; _module_preset=&#8221;default&#8221; global_colors_info=&#8221;{}&#8221;]<\/p>\n<div class=\"page\" title=\"Page 1\">\n<div class=\"layoutArea\">\n<div class=\"column\">\n<p><strong>Welcome to the day of student initiatives (TdsI)<\/strong><\/p>\n<p style=\"font-weight: 400;\"><span>You want to get involved, drive extraordinary projects and meet new people? Then come along!<\/span><\/p>\n<p style=\"font-weight: 400;\"><span>At the TdsI on Tuesday, November 18, 2025 from 10am to 5pm, you will have the opportunity to get to know many different initiatives of RWTH Aachen University and their projects.<\/span><\/p>\n<p style=\"font-weight: 400;\"><span>The TdsI will take place outside inside the C.A.R.L. Each initiative will present their projects, showcase their models and encourage you to participate. You can get in direct contact with the student initiatives, ask questions, examine prototypes and network or just have a coffee and stroll through the booths. Whether you are interested in technology, culture, international affairs, sports, career or social issues, at TdsI you will find the initiative that suits you.<\/span><\/p>\n<\/div>\n<\/div>\n<\/div>\n<div class=\"page\" title=\"Page 2\">\n<div class=\"layoutArea\">\n<div class=\"column\">\n<p>&nbsp;<\/p>\n<\/div>\n<\/div>\n<\/div>\n<p>[\/et_pb_text][\/et_pb_column][et_pb_column type=&#8221;1_3&#8243; _builder_version=&#8221;4.16&#8243; _module_preset=&#8221;default&#8221; global_colors_info=&#8221;{}&#8221;][et_pb_image src=&#8221;https:\/\/www.asta.rwth-aachen.de\/wp-content\/uploads\/TdsI-Foto-CARL-201x-quer.jpg&#8221; title_text=&#8221;TdsI Foto CARL 201x-quer&#8221; url=&#8221;https:\/\/www.asta.rwth-aachen.de\/tdsi-foto-templergraben\/&#8221; _builder_version=&#8221;4.27.0&#8243; _module_preset=&#8221;default&#8221; locked=&#8221;off&#8221; global_colors_info=&#8221;{}&#8221;][\/et_pb_image][\/et_pb_column][\/et_pb_row][et_pb_row _builder_version=&#8221;4.16&#8243; _module_preset=&#8221;default&#8221; global_colors_info=&#8221;{}&#8221;][et_pb_column type=&#8221;4_4&#8243; _builder_version=&#8221;4.16&#8243; _module_preset=&#8221;default&#8221; global_colors_info=&#8221;{}&#8221;][et_pb_divider _builder_version=&#8221;4.16&#8243; _module_preset=&#8221;default&#8221; custom_margin=&#8221;||-1px|||&#8221; global_colors_info=&#8221;{}&#8221;][\/et_pb_divider][et_pb_text _builder_version=&#8221;4.19.4&#8243; _module_preset=&#8221;default&#8221; global_colors_info=&#8221;{}&#8221;]<\/p>\n<p>The Day of Student Initiatives is organized by the <a href=\"https:\/\/www.asta.rwth-aachen.de\/en\/about-us\/sustainability-student-engagement\/\">Department for student engagement<\/a>.<br \/>For questions, comments and ideas you can contact <a href=\"eigenini@asta.rwth-aachen.de\">eigenini@asta.rwth-aachen.de<\/a>.<\/p>\n<p>[\/et_pb_text][\/et_pb_column][\/et_pb_row][\/et_pb_section]<\/p>\n","protected":false},"excerpt":{"rendered":"<p>Student Initiatives Day Welcome to the day of student initiatives (TdsI) You want to get involved, drive extraordinary projects and meet new people? Then come along! At the TdsI on Tuesday, November 18, 2025 from 10am to 5pm, you will have the opportunity to get to know many different initiatives of RWTH Aachen University and [&hellip;]<\/p>\n","protected":false},"author":85,"featured_media":0,"parent":0,"menu_order":0,"comment_status":"closed","ping_status":"closed","template":"","meta":{"_et_pb_use_builder":"on","_et_pb_old_content":"<p>[et_pb_section fb_built=\"1\" _builder_version=\"4.15\" _module_preset=\"default\" global_colors_info=\"{}\"][et_pb_row _builder_version=\"4.15\" _module_preset=\"default\" custom_padding=\"||0px|||\" global_colors_info=\"{}\"][et_pb_column type=\"4_4\" _builder_version=\"4.15\" _module_preset=\"default\" global_colors_info=\"{}\"][et_pb_text _builder_version=\"4.15\" _module_preset=\"default\" custom_margin=\"||0px|||\" global_colors_info=\"{}\"]<\/p><h2>Tag der studentischen Initiativen<\/h2><p>[\/et_pb_text][\/et_pb_column][\/et_pb_row][et_pb_row column_structure=\"2_3,1_3\" _builder_version=\"4.15.1\" _module_preset=\"default\" custom_padding=\"2px||2px|||\" global_colors_info=\"{}\"][et_pb_column type=\"2_3\" _builder_version=\"4.15\" _module_preset=\"default\" global_colors_info=\"{}\"][et_pb_text _builder_version=\"4.15.1\" _module_preset=\"default\" global_colors_info=\"{}\"]<\/p><p style=\"text-align: left;\"><strong>Willkommen zum Tag der studentischen Initiativen (TDSI)<br \/><\/strong><\/p><p>Beim TDSI am Dienstag, den 10. Mai,\u00a0 hast du die M\u00f6glichkeit von 11 bis 16:30 Uhr viele verschiedene Eigeninitiativen an der RWTH kennenzulernen.<\/p><p>Der TDSI findet auf und um den Templergraben statt - dort kannst du mit den studentischen Eigeninitiativen in direkten Austausch treten, Fragen stellen und dich vernetzen. Egal ob Technik, Kultur, Internationales, Sport, Karriere oder Soziales \u2013 beim TDSI findest du die Initiativen, die zu dir passen. Au\u00dferdem haben die Initiativen Vortr\u00e4ge vorbereitet, um sich und ihre Arbeit zu pr\u00e4sentieren.<\/p><p>Vielleicht findest ja auch du eine Initiative, die zu dir passt und bei der du dich engagieren m\u00f6chtest!<\/p><p>[\/et_pb_text][\/et_pb_column][et_pb_column type=\"1_3\" _builder_version=\"4.15\" _module_preset=\"default\" global_colors_info=\"{}\"][et_pb_image src=\"https:\/\/www.asta.rwth-aachen.de\/wp-content\/uploads\/TdSI.jpg\" title_text=\"TdSI\" _builder_version=\"4.15\" _module_preset=\"default\" global_colors_info=\"{}\"][\/et_pb_image][et_pb_button button_url=\"https:\/\/www.asta.rwth-aachen.de\/tdsi-vortraege\/\" button_text=\"Hier gibt's Infos zu den Vortr\u00e4gen!\" button_alignment=\"center\" _builder_version=\"4.15.1\" _module_preset=\"default\" hover_enabled=\"0\" global_colors_info=\"{}\" sticky_enabled=\"0\"][\/et_pb_button][\/et_pb_column][\/et_pb_row][et_pb_row disabled_on=\"on|on|on\" _builder_version=\"4.15.1\" _module_preset=\"default\" disabled=\"on\" global_colors_info=\"{}\"][et_pb_column type=\"4_4\" _builder_version=\"4.15.1\" _module_preset=\"default\" global_colors_info=\"{}\"][et_pb_text disabled_on=\"on|on|on\" _builder_version=\"4.15.1\" _module_preset=\"default\" disabled=\"on\" global_colors_info=\"{}\"]<\/p><p><strong>11 - 16:30 Uhr:<\/strong> Pers\u00f6nlicher Austausch mit den engagierten Leuten an den St\u00e4nden mit engagierten Leuten an der RWTH<\/p><p><strong>12 - 16:30 Uhr:<\/strong> Vortr\u00e4ge der Initiativen oben im Super C zu ihren Zielen und aktuellen Projekten<\/p><p>[\/et_pb_text][\/et_pb_column][\/et_pb_row][et_pb_row _builder_version=\"4.15\" _module_preset=\"default\" global_colors_info=\"{}\"][et_pb_column type=\"4_4\" _builder_version=\"4.15\" _module_preset=\"default\" global_colors_info=\"{}\"][et_pb_divider _builder_version=\"4.15\" _module_preset=\"default\" custom_margin=\"||-1px|||\" global_colors_info=\"{}\"][\/et_pb_divider][et_pb_text _builder_version=\"4.15.1\" _module_preset=\"default\" global_colors_info=\"{}\"]<\/p><p>Der Tag der studentischen Initiativen wird vom <a href=\"https:\/\/www.asta.rwth-aachen.de\/ueber-uns\/engagement\/\">Referat f\u00fcr studentisches Engagement<\/a> und der <a href=\"https:\/\/www.rwth-aachen.de\/go\/id\/bdfr\/gguid\/0x6D58E2A3C6C5364A965AA2A57954B112\">Betreuung der studentischen Eigeninitiativen<\/a> (International Office RWTH) organisiert.<br \/>Bei Fragen, Anmerkungen und Ideen kannst du dich an <a href=\"mailto:engagement@asta.rwth-aachen.de\">engagement@asta.rwth-aachen.de<\/a> wenden.<\/p><p>[\/et_pb_text][\/et_pb_column][\/et_pb_row][\/et_pb_section]<\/p>","_et_gb_content_width":"","episode_type":"","audio_file":"","podmotor_file_id":"","podmotor_episode_id":"","cover_image":"","cover_image_id":"","duration":"","filesize":"","filesize_raw":"","date_recorded":"","explicit":"","block":"","itunes_episode_number":"","itunes_title":"","itunes_season_number":"","itunes_episode_type":"","footnotes":""},"class_list":["post-32516","page","type-page","status-publish","hentry"],"publishpress_future_action":{"enabled":false,"date":"2026-04-13 07:20:12","action":"change-status","newStatus":"draft","terms":[],"taxonomy":"translation_priority","extraData":[]},"publishpress_future_workflow_manual_trigger":{"enabledWorkflows":[]},"_links":{"self":[{"href":"https:\/\/www.asta.rwth-aachen.de\/en\/wp-json\/wp\/v2\/pages\/32516","targetHints":{"allow":["GET"]}}],"collection":[{"href":"https:\/\/www.asta.rwth-aachen.de\/en\/wp-json\/wp\/v2\/pages"}],"about":[{"href":"https:\/\/www.asta.rwth-aachen.de\/en\/wp-json\/wp\/v2\/types\/page"}],"author":[{"embeddable":true,"href":"https:\/\/www.asta.rwth-aachen.de\/en\/wp-json\/wp\/v2\/users\/85"}],"replies":[{"embeddable":true,"href":"https:\/\/www.asta.rwth-aachen.de\/en\/wp-json\/wp\/v2\/comments?post=32516"}],"version-history":[{"count":3,"href":"https:\/\/www.asta.rwth-aachen.de\/en\/wp-json\/wp\/v2\/pages\/32516\/revisions"}],"predecessor-version":[{"id":60702,"href":"https:\/\/www.asta.rwth-aachen.de\/en\/wp-json\/wp\/v2\/pages\/32516\/revisions\/60702"}],"wp:attachment":[{"href":"https:\/\/www.asta.rwth-aachen.de\/en\/wp-json\/wp\/v2\/media?parent=32516"}],"curies":[{"name":"wp","href":"https:\/\/api.w.org\/{rel}","templated":true}]}}