{"id":4679,"date":"2020-02-16T22:01:38","date_gmt":"2020-02-16T21:01:38","guid":{"rendered":"https:\/\/www.asta.rwth-aachen.de\/?page_id=4679"},"modified":"2026-04-12T15:28:11","modified_gmt":"2026-04-12T13:28:11","slug":"social-issues","status":"publish","type":"page","link":"https:\/\/www.asta.rwth-aachen.de\/en\/about-us\/social-issues\/","title":{"rendered":"Social issues"},"content":{"rendered":"<p>[et_pb_section fb_built=&#8221;1&#8243; _builder_version=&#8221;4.16&#8243; global_colors_info=&#8221;{}&#8221;][et_pb_row _builder_version=&#8221;4.16&#8243; background_size=&#8221;initial&#8221; background_position=&#8221;top_left&#8221; background_repeat=&#8221;repeat&#8221; custom_padding=&#8221;||2px|||&#8221; global_colors_info=&#8221;{}&#8221;][et_pb_column type=&#8221;4_4&#8243; _builder_version=&#8221;4.16&#8243; custom_padding=&#8221;|||&#8221; global_colors_info=&#8221;{}&#8221; custom_padding__hover=&#8221;|||&#8221;][et_pb_text _builder_version=&#8221;4.17.4&#8243; _module_preset=&#8221;default&#8221; global_colors_info=&#8221;{}&#8221;]<\/p>\n<h2>Department for Social Affairs<\/h2>\n<p>[\/et_pb_text][\/et_pb_column][\/et_pb_row][et_pb_row column_structure=&#8221;3_5,2_5&#8243; _builder_version=&#8221;4.16&#8243; background_size=&#8221;initial&#8221; background_position=&#8221;top_left&#8221; background_repeat=&#8221;repeat&#8221; custom_padding=&#8221;2px|||||&#8221; global_colors_info=&#8221;{}&#8221;][et_pb_column type=&#8221;3_5&#8243; _builder_version=&#8221;4.16&#8243; custom_padding=&#8221;|||&#8221; global_colors_info=&#8221;{}&#8221; custom_padding__hover=&#8221;|||&#8221;][et_pb_text _builder_version=&#8221;4.21.0&#8243; z_index_tablet=&#8221;500&#8243; text_text_shadow_horizontal_length_tablet=&#8221;0px&#8221; text_text_shadow_vertical_length_tablet=&#8221;0px&#8221; text_text_shadow_blur_strength_tablet=&#8221;1px&#8221; link_text_shadow_horizontal_length_tablet=&#8221;0px&#8221; link_text_shadow_vertical_length_tablet=&#8221;0px&#8221; link_text_shadow_blur_strength_tablet=&#8221;1px&#8221; ul_text_shadow_horizontal_length_tablet=&#8221;0px&#8221; ul_text_shadow_vertical_length_tablet=&#8221;0px&#8221; ul_text_shadow_blur_strength_tablet=&#8221;1px&#8221; ol_text_shadow_horizontal_length_tablet=&#8221;0px&#8221; ol_text_shadow_vertical_length_tablet=&#8221;0px&#8221; ol_text_shadow_blur_strength_tablet=&#8221;1px&#8221; quote_text_shadow_horizontal_length_tablet=&#8221;0px&#8221; quote_text_shadow_vertical_length_tablet=&#8221;0px&#8221; quote_text_shadow_blur_strength_tablet=&#8221;1px&#8221; header_text_shadow_horizontal_length_tablet=&#8221;0px&#8221; header_text_shadow_vertical_length_tablet=&#8221;0px&#8221; header_text_shadow_blur_strength_tablet=&#8221;1px&#8221; header_2_text_shadow_horizontal_length_tablet=&#8221;0px&#8221; header_2_text_shadow_vertical_length_tablet=&#8221;0px&#8221; header_2_text_shadow_blur_strength_tablet=&#8221;1px&#8221; header_3_text_shadow_horizontal_length_tablet=&#8221;0px&#8221; header_3_text_shadow_vertical_length_tablet=&#8221;0px&#8221; header_3_text_shadow_blur_strength_tablet=&#8221;1px&#8221; header_4_text_shadow_horizontal_length_tablet=&#8221;0px&#8221; header_4_text_shadow_vertical_length_tablet=&#8221;0px&#8221; header_4_text_shadow_blur_strength_tablet=&#8221;1px&#8221; header_5_text_shadow_horizontal_length_tablet=&#8221;0px&#8221; header_5_text_shadow_vertical_length_tablet=&#8221;0px&#8221; header_5_text_shadow_blur_strength_tablet=&#8221;1px&#8221; header_6_text_shadow_horizontal_length_tablet=&#8221;0px&#8221; header_6_text_shadow_vertical_length_tablet=&#8221;0px&#8221; header_6_text_shadow_blur_strength_tablet=&#8221;1px&#8221; box_shadow_horizontal_tablet=&#8221;0px&#8221; box_shadow_vertical_tablet=&#8221;0px&#8221; box_shadow_blur_tablet=&#8221;40px&#8221; box_shadow_spread_tablet=&#8221;0px&#8221; global_colors_info=&#8221;{}&#8221;]<\/p>\n<h3><span class=\"\"><b><img loading=\"lazy\" decoding=\"async\" src=\"https:\/\/www.asta.rwth-aachen.de\/wp-content\/uploads\/\/MG_1215-Zekiye_Website-200x300.jpg\" width=\"172\" height=\"258\" alt=\"\" class=\"wp-image-44612 alignnone size-medium\" srcset=\"https:\/\/www.asta.rwth-aachen.de\/wp-content\/uploads\/MG_1215-Zekiye_Website-200x300.jpg 200w, https:\/\/www.asta.rwth-aachen.de\/wp-content\/uploads\/MG_1215-Zekiye_Website-683x1024.jpg 683w, https:\/\/www.asta.rwth-aachen.de\/wp-content\/uploads\/MG_1215-Zekiye_Website-768x1152.jpg 768w, https:\/\/www.asta.rwth-aachen.de\/wp-content\/uploads\/MG_1215-Zekiye_Website-1024x1536.jpg 1024w, https:\/\/www.asta.rwth-aachen.de\/wp-content\/uploads\/MG_1215-Zekiye_Website-1365x2048.jpg 1365w, https:\/\/www.asta.rwth-aachen.de\/wp-content\/uploads\/MG_1215-Zekiye_Website-1080x1620.jpg 1080w, https:\/\/www.asta.rwth-aachen.de\/wp-content\/uploads\/MG_1215-Zekiye_Website-1280x1920.jpg 1280w, https:\/\/www.asta.rwth-aachen.de\/wp-content\/uploads\/MG_1215-Zekiye_Website-980x1470.jpg 980w, https:\/\/www.asta.rwth-aachen.de\/wp-content\/uploads\/MG_1215-Zekiye_Website-480x720.jpg 480w, https:\/\/www.asta.rwth-aachen.de\/wp-content\/uploads\/MG_1215-Zekiye_Website-207x310.jpg 207w, https:\/\/www.asta.rwth-aachen.de\/wp-content\/uploads\/MG_1215-Zekiye_Website-70x105.jpg 70w, https:\/\/www.asta.rwth-aachen.de\/wp-content\/uploads\/MG_1215-Zekiye_Website.jpg 1700w\" sizes=\"(max-width: 172px) 100vw, 172px\" \/><\/b><\/span><\/h3>\n<p>&nbsp;<\/p>\n<h3><span class=\"\">Zekiye Kazan<\/span><\/h3>\n<p>&nbsp;<\/p>\n<p style=\"font-weight: 400;\"><span data-contrast=\"auto\" xml:lang=\"DE-DE\" lang=\"DE-DE\" class=\"TextRun SCXW103623193 BCX8\"><span class=\"NormalTextRun SCXW103623193 BCX8\">Hello, we are the Social Affairs Team and we volunteer at the AStA (student union) at RWTH Aachen University. We are available Monday through Friday from 10 a.m. to 2 p.m. to answer all your questions and address your concerns with enthusiasm. Since we are also students, we are familiar with most of the issues and have gained a lot of experience through our time in the department. <\/span><\/span><\/p>\n<p>&nbsp;<\/p>\n<p style=\"font-weight: 400;\"><span data-contrast=\"auto\" xml:lang=\"DE-DE\" lang=\"DE-DE\" class=\"TextRun SCXW103623193 BCX8\"><span class=\"NormalTextRun SCXW103623193 BCX8\">We also advocate for your interests at the university and in various other places. Topics such as BAf\u00f6G, housing, part-time jobs, health insurance, and mental health are part of our consulting services. If you would like more information about us or our work, please visit our website or send us an email at <\/span><\/span><a class=\"Hyperlink HyperlinkGateOff SCXW103623193 BCX8\" href=\"mailto:soziales@asta.rwth-aachen.de\" target=\"_blank\" rel=\"noreferrer noopener\"><span data-contrast=\"none\" xml:lang=\"DE-DE\" lang=\"DE-DE\" class=\"TextRun Underlined UnderlinedGateOff SCXW103623193 BCX8\"><span class=\"NormalTextRun SCXW103623193 BCX8\" data-ccp-charstyle=\"Hyperlink\">soziales@asta.rwth-aachen.de<\/span><\/span><\/a><span data-contrast=\"auto\" xml:lang=\"DE-DE\" lang=\"DE-DE\" class=\"TextRun SCXW103623193 BCX8\"><span class=\"NormalTextRun SCXW103623193 BCX8\">.<\/span><\/span><span class=\"EOP SCXW103623193 BCX8\" data-ccp-props=\"{}\">\u00a0<\/span><\/p>\n<p>[\/et_pb_text][\/et_pb_column][et_pb_column type=&#8221;2_5&#8243; _builder_version=&#8221;4.16&#8243; custom_padding=&#8221;|||&#8221; global_colors_info=&#8221;{}&#8221; custom_padding__hover=&#8221;|||&#8221;][et_pb_text admin_label=&#8221;PLs&#8221; _builder_version=&#8221;4.23.1&#8243; z_index_tablet=&#8221;500&#8243; text_text_shadow_horizontal_length_tablet=&#8221;0px&#8221; text_text_shadow_vertical_length_tablet=&#8221;0px&#8221; text_text_shadow_blur_strength_tablet=&#8221;1px&#8221; link_text_shadow_horizontal_length_tablet=&#8221;0px&#8221; link_text_shadow_vertical_length_tablet=&#8221;0px&#8221; link_text_shadow_blur_strength_tablet=&#8221;1px&#8221; ul_text_shadow_horizontal_length_tablet=&#8221;0px&#8221; ul_text_shadow_vertical_length_tablet=&#8221;0px&#8221; ul_text_shadow_blur_strength_tablet=&#8221;1px&#8221; ol_text_shadow_horizontal_length_tablet=&#8221;0px&#8221; ol_text_shadow_vertical_length_tablet=&#8221;0px&#8221; ol_text_shadow_blur_strength_tablet=&#8221;1px&#8221; quote_text_shadow_horizontal_length_tablet=&#8221;0px&#8221; quote_text_shadow_vertical_length_tablet=&#8221;0px&#8221; quote_text_shadow_blur_strength_tablet=&#8221;1px&#8221; header_text_shadow_horizontal_length_tablet=&#8221;0px&#8221; header_text_shadow_vertical_length_tablet=&#8221;0px&#8221; header_text_shadow_blur_strength_tablet=&#8221;1px&#8221; header_2_text_shadow_horizontal_length_tablet=&#8221;0px&#8221; header_2_text_shadow_vertical_length_tablet=&#8221;0px&#8221; header_2_text_shadow_blur_strength_tablet=&#8221;1px&#8221; header_3_text_shadow_horizontal_length_tablet=&#8221;0px&#8221; header_3_text_shadow_vertical_length_tablet=&#8221;0px&#8221; header_3_text_shadow_blur_strength_tablet=&#8221;1px&#8221; header_4_text_shadow_horizontal_length_tablet=&#8221;0px&#8221; header_4_text_shadow_vertical_length_tablet=&#8221;0px&#8221; header_4_text_shadow_blur_strength_tablet=&#8221;1px&#8221; header_5_text_shadow_horizontal_length_tablet=&#8221;0px&#8221; header_5_text_shadow_vertical_length_tablet=&#8221;0px&#8221; header_5_text_shadow_blur_strength_tablet=&#8221;1px&#8221; header_6_text_shadow_horizontal_length_tablet=&#8221;0px&#8221; header_6_text_shadow_vertical_length_tablet=&#8221;0px&#8221; header_6_text_shadow_blur_strength_tablet=&#8221;1px&#8221; box_shadow_horizontal_tablet=&#8221;0px&#8221; box_shadow_vertical_tablet=&#8221;0px&#8221; box_shadow_blur_tablet=&#8221;40px&#8221; box_shadow_spread_tablet=&#8221;0px&#8221; global_colors_info=&#8221;{}&#8221;]<\/p>\n<h3>Project managers<\/h3>\n<ul>\n<li class=\"\" data-startline=\"207\" data-endline=\"207\">Carla Angerhausen (Mental Health)<\/li>\n<li class=\"\" data-startline=\"208\" data-endline=\"208\">Niklas W\u00f6ffen (Stabstelle for social affairs)<\/li>\n<li class=\"\" data-startline=\"209\" data-endline=\"209\">Lal Sonel (Stabstelle for social affairs)<\/li>\n<li class=\"\" data-startline=\"211\" data-endline=\"211\">David Reuters (BAf\u00f6G)<\/li>\n<li class=\"\" data-startline=\"213\" data-endline=\"213\">Julia Thyrann (Studying with kids\/BAf\u00f6G)<\/li>\n<li class=\"\" data-startline=\"214\" data-endline=\"214\">Berrak Karakoc (Housing)<\/li>\n<li class=\"\" data-startline=\"215\" data-endline=\"215\">Zehra Ganidagli (Socialinformations, BAf\u00f6G, Housing)<\/li>\n<li class=\"\" data-startline=\"215\" data-endline=\"215\">Daria Kortlepel (Job, Health insurance)\u00a0<\/li>\n<li class=\"\" data-startline=\"215\" data-endline=\"215\">Thomas Akkermann (Job, Health insurance)\u00a0<\/li>\n<li class=\"\" data-startline=\"216\" data-endline=\"216\">Carlos Forero Sandoval (TV-Stud &amp; trade union)<\/li>\n<li class=\"\" data-startline=\"217\" data-endline=\"218\">Bastian Leitz (TV-Stud &amp; trade union)<\/li>\n<\/ul>\n<p>&nbsp;<\/p>\n<p><strong>Kontakt<\/strong><br \/>Telefon: <a href=\"tel:+492418093792\">0241 80-93792<\/a> (Sekretariat)<br \/>E-Mail: <a href=\"mailto:soziales@asta.rwth-aachen.de\">soziales@asta.rwth-aachen.de<\/a><\/p>\n<p>&nbsp;<\/p>\n<p>&nbsp;<\/p>\n<p>[\/et_pb_text][\/et_pb_column][\/et_pb_row][\/et_pb_section]<\/p>\n","protected":false},"excerpt":{"rendered":"<p>Department for Social Affairs &nbsp; Zekiye Kazan &nbsp; Hello, we are the Social Affairs Team and we volunteer at the AStA (student union) at RWTH Aachen University. We are available Monday through Friday from 10 a.m. to 2 p.m. to answer all your questions and address your concerns with enthusiasm. Since we are also students, [&hellip;]<\/p>\n","protected":false},"author":1,"featured_media":0,"parent":11878,"menu_order":0,"comment_status":"closed","ping_status":"closed","template":"","meta":{"_et_pb_use_builder":"on","_et_pb_old_content":"<p>[et_pb_section bb_built=\"1\" _builder_version=\"3.22.3\"][et_pb_row _builder_version=\"3.22.3\" background_size=\"initial\" background_position=\"top_left\" background_repeat=\"repeat\"][et_pb_column type=\"4_4\"][et_pb_post_title meta=\"off\" featured_image=\"off\" _builder_version=\"3.8.1\"]<\/p><p>[\/et_pb_post_title][\/et_pb_column][\/et_pb_row][et_pb_row _builder_version=\"3.22.3\" background_size=\"initial\" background_position=\"top_left\" background_repeat=\"repeat\"][et_pb_column type=\"1_2\"][et_pb_text _builder_version=\"3.24.1\" text_text_shadow_horizontal_length=\"text_text_shadow_style,%91object Object%93\" text_text_shadow_horizontal_length_tablet=\"0px\" text_text_shadow_vertical_length=\"text_text_shadow_style,%91object Object%93\" text_text_shadow_vertical_length_tablet=\"0px\" text_text_shadow_blur_strength=\"text_text_shadow_style,%91object Object%93\" text_text_shadow_blur_strength_tablet=\"1px\" link_text_shadow_horizontal_length=\"link_text_shadow_style,%91object Object%93\" link_text_shadow_horizontal_length_tablet=\"0px\" link_text_shadow_vertical_length=\"link_text_shadow_style,%91object Object%93\" link_text_shadow_vertical_length_tablet=\"0px\" link_text_shadow_blur_strength=\"link_text_shadow_style,%91object Object%93\" link_text_shadow_blur_strength_tablet=\"1px\" ul_text_shadow_horizontal_length=\"ul_text_shadow_style,%91object Object%93\" ul_text_shadow_horizontal_length_tablet=\"0px\" ul_text_shadow_vertical_length=\"ul_text_shadow_style,%91object Object%93\" ul_text_shadow_vertical_length_tablet=\"0px\" ul_text_shadow_blur_strength=\"ul_text_shadow_style,%91object Object%93\" ul_text_shadow_blur_strength_tablet=\"1px\" ol_text_shadow_horizontal_length=\"ol_text_shadow_style,%91object Object%93\" ol_text_shadow_horizontal_length_tablet=\"0px\" ol_text_shadow_vertical_length=\"ol_text_shadow_style,%91object Object%93\" ol_text_shadow_vertical_length_tablet=\"0px\" ol_text_shadow_blur_strength=\"ol_text_shadow_style,%91object Object%93\" ol_text_shadow_blur_strength_tablet=\"1px\" quote_text_shadow_horizontal_length=\"quote_text_shadow_style,%91object Object%93\" quote_text_shadow_horizontal_length_tablet=\"0px\" quote_text_shadow_vertical_length=\"quote_text_shadow_style,%91object Object%93\" quote_text_shadow_vertical_length_tablet=\"0px\" quote_text_shadow_blur_strength=\"quote_text_shadow_style,%91object Object%93\" quote_text_shadow_blur_strength_tablet=\"1px\" header_text_shadow_horizontal_length=\"header_text_shadow_style,%91object Object%93\" header_text_shadow_horizontal_length_tablet=\"0px\" header_text_shadow_vertical_length=\"header_text_shadow_style,%91object Object%93\" header_text_shadow_vertical_length_tablet=\"0px\" header_text_shadow_blur_strength=\"header_text_shadow_style,%91object Object%93\" header_text_shadow_blur_strength_tablet=\"1px\" header_2_text_shadow_horizontal_length=\"header_2_text_shadow_style,%91object Object%93\" header_2_text_shadow_horizontal_length_tablet=\"0px\" header_2_text_shadow_vertical_length=\"header_2_text_shadow_style,%91object Object%93\" header_2_text_shadow_vertical_length_tablet=\"0px\" header_2_text_shadow_blur_strength=\"header_2_text_shadow_style,%91object Object%93\" header_2_text_shadow_blur_strength_tablet=\"1px\" header_3_text_shadow_horizontal_length=\"header_3_text_shadow_style,%91object Object%93\" header_3_text_shadow_horizontal_length_tablet=\"0px\" header_3_text_shadow_vertical_length=\"header_3_text_shadow_style,%91object Object%93\" header_3_text_shadow_vertical_length_tablet=\"0px\" header_3_text_shadow_blur_strength=\"header_3_text_shadow_style,%91object Object%93\" header_3_text_shadow_blur_strength_tablet=\"1px\" header_4_text_shadow_horizontal_length=\"header_4_text_shadow_style,%91object Object%93\" header_4_text_shadow_horizontal_length_tablet=\"0px\" header_4_text_shadow_vertical_length=\"header_4_text_shadow_style,%91object Object%93\" header_4_text_shadow_vertical_length_tablet=\"0px\" header_4_text_shadow_blur_strength=\"header_4_text_shadow_style,%91object Object%93\" header_4_text_shadow_blur_strength_tablet=\"1px\" header_5_text_shadow_horizontal_length=\"header_5_text_shadow_style,%91object Object%93\" header_5_text_shadow_horizontal_length_tablet=\"0px\" header_5_text_shadow_vertical_length=\"header_5_text_shadow_style,%91object Object%93\" header_5_text_shadow_vertical_length_tablet=\"0px\" header_5_text_shadow_blur_strength=\"header_5_text_shadow_style,%91object Object%93\" header_5_text_shadow_blur_strength_tablet=\"1px\" header_6_text_shadow_horizontal_length=\"header_6_text_shadow_style,%91object Object%93\" header_6_text_shadow_horizontal_length_tablet=\"0px\" header_6_text_shadow_vertical_length=\"header_6_text_shadow_style,%91object Object%93\" header_6_text_shadow_vertical_length_tablet=\"0px\" header_6_text_shadow_blur_strength=\"header_6_text_shadow_style,%91object Object%93\" header_6_text_shadow_blur_strength_tablet=\"1px\" box_shadow_horizontal_tablet=\"0px\" box_shadow_vertical_tablet=\"0px\" box_shadow_blur_tablet=\"40px\" box_shadow_spread_tablet=\"0px\" z_index_tablet=\"500\"]<\/p><h2><img class=\"size-medium wp-image-4307 alignleft\" src=\"https:\/\/www.asta.rwth-aachen.de\/wp-content\/uploads\/\/MG_0518-200x300.jpg\" alt=\"\" width=\"200\" height=\"300\" \/>Johann Vohn<\/h2><p>Hallo! Mein Name ist Johann, ich bin 24 Jahre alt und studiere im Master Governance of Technology and Innovation. In der Studierendenschaft war ich bisher als Beauftragter des Gleichstellungsprojektes von 2017 bis 2019 t\u00e4tig, wo ich die Studierenden in Belangen der Gleichstellung beraten und vertreten habe. Au\u00dferdem bin ich seit 3 Jahren MdSP und habe mir zahlreiche N\u00e4chte im Studierendenparlament um die Ohren geschlagen.<br \/>Seit September 2019 war ich dar\u00fcber hinaus als Projektleiter im Sozialreferat t\u00e4tig, wo ich f\u00fcr das Projektmanagement zust\u00e4ndig war. In der Funktion habe ich den Tag der Studienfinanzierung organisiert.<br \/>Au\u00dfer der Reihe bin ich nun als Sozialreferent nach gew\u00e4hlt worden und bedanke mich f\u00fcr das Vertrauen. Falls ihr Anregungen, Fragen oder Feedback habt schreibt mir sehr gerne eine Mail an <a href=\"mailto:soziales@asta.rwth-aachen.de\" target=\"_blank\" rel=\"noopener noreferrer\">soziales@asta.rwth-aachen.de<\/a>. Terminanfragen k\u00f6nnt ihr ebenfalls an diese Adresse stellen. Ansonsten kommt einfach zu den \u00d6ffnungszeiten vorbei, dann solltet ihr mich in der Regel auch antreffen.<\/p><p>[\/et_pb_text][\/et_pb_column][et_pb_column type=\"1_2\"][et_pb_text admin_label=\"PLs\" _builder_version=\"3.24.1\" text_text_shadow_horizontal_length=\"text_text_shadow_style,%91object Object%93\" text_text_shadow_horizontal_length_tablet=\"0px\" text_text_shadow_vertical_length=\"text_text_shadow_style,%91object Object%93\" text_text_shadow_vertical_length_tablet=\"0px\" text_text_shadow_blur_strength=\"text_text_shadow_style,%91object Object%93\" text_text_shadow_blur_strength_tablet=\"1px\" link_text_shadow_horizontal_length=\"link_text_shadow_style,%91object Object%93\" link_text_shadow_horizontal_length_tablet=\"0px\" link_text_shadow_vertical_length=\"link_text_shadow_style,%91object Object%93\" link_text_shadow_vertical_length_tablet=\"0px\" link_text_shadow_blur_strength=\"link_text_shadow_style,%91object Object%93\" link_text_shadow_blur_strength_tablet=\"1px\" ul_text_shadow_horizontal_length=\"ul_text_shadow_style,%91object Object%93\" ul_text_shadow_horizontal_length_tablet=\"0px\" ul_text_shadow_vertical_length=\"ul_text_shadow_style,%91object Object%93\" ul_text_shadow_vertical_length_tablet=\"0px\" ul_text_shadow_blur_strength=\"ul_text_shadow_style,%91object Object%93\" ul_text_shadow_blur_strength_tablet=\"1px\" ol_text_shadow_horizontal_length=\"ol_text_shadow_style,%91object Object%93\" ol_text_shadow_horizontal_length_tablet=\"0px\" ol_text_shadow_vertical_length=\"ol_text_shadow_style,%91object Object%93\" ol_text_shadow_vertical_length_tablet=\"0px\" ol_text_shadow_blur_strength=\"ol_text_shadow_style,%91object Object%93\" ol_text_shadow_blur_strength_tablet=\"1px\" quote_text_shadow_horizontal_length=\"quote_text_shadow_style,%91object Object%93\" quote_text_shadow_horizontal_length_tablet=\"0px\" quote_text_shadow_vertical_length=\"quote_text_shadow_style,%91object Object%93\" quote_text_shadow_vertical_length_tablet=\"0px\" quote_text_shadow_blur_strength=\"quote_text_shadow_style,%91object Object%93\" quote_text_shadow_blur_strength_tablet=\"1px\" header_text_shadow_horizontal_length=\"header_text_shadow_style,%91object Object%93\" header_text_shadow_horizontal_length_tablet=\"0px\" header_text_shadow_vertical_length=\"header_text_shadow_style,%91object Object%93\" header_text_shadow_vertical_length_tablet=\"0px\" header_text_shadow_blur_strength=\"header_text_shadow_style,%91object Object%93\" header_text_shadow_blur_strength_tablet=\"1px\" header_2_text_shadow_horizontal_length=\"header_2_text_shadow_style,%91object Object%93\" header_2_text_shadow_horizontal_length_tablet=\"0px\" header_2_text_shadow_vertical_length=\"header_2_text_shadow_style,%91object Object%93\" header_2_text_shadow_vertical_length_tablet=\"0px\" header_2_text_shadow_blur_strength=\"header_2_text_shadow_style,%91object Object%93\" header_2_text_shadow_blur_strength_tablet=\"1px\" header_3_text_shadow_horizontal_length=\"header_3_text_shadow_style,%91object Object%93\" header_3_text_shadow_horizontal_length_tablet=\"0px\" header_3_text_shadow_vertical_length=\"header_3_text_shadow_style,%91object Object%93\" header_3_text_shadow_vertical_length_tablet=\"0px\" header_3_text_shadow_blur_strength=\"header_3_text_shadow_style,%91object Object%93\" header_3_text_shadow_blur_strength_tablet=\"1px\" header_4_text_shadow_horizontal_length=\"header_4_text_shadow_style,%91object Object%93\" header_4_text_shadow_horizontal_length_tablet=\"0px\" header_4_text_shadow_vertical_length=\"header_4_text_shadow_style,%91object Object%93\" header_4_text_shadow_vertical_length_tablet=\"0px\" header_4_text_shadow_blur_strength=\"header_4_text_shadow_style,%91object Object%93\" header_4_text_shadow_blur_strength_tablet=\"1px\" header_5_text_shadow_horizontal_length=\"header_5_text_shadow_style,%91object Object%93\" header_5_text_shadow_horizontal_length_tablet=\"0px\" header_5_text_shadow_vertical_length=\"header_5_text_shadow_style,%91object Object%93\" header_5_text_shadow_vertical_length_tablet=\"0px\" header_5_text_shadow_blur_strength=\"header_5_text_shadow_style,%91object Object%93\" header_5_text_shadow_blur_strength_tablet=\"1px\" header_6_text_shadow_horizontal_length=\"header_6_text_shadow_style,%91object Object%93\" header_6_text_shadow_horizontal_length_tablet=\"0px\" header_6_text_shadow_vertical_length=\"header_6_text_shadow_style,%91object Object%93\" header_6_text_shadow_vertical_length_tablet=\"0px\" header_6_text_shadow_blur_strength=\"header_6_text_shadow_style,%91object Object%93\" header_6_text_shadow_blur_strength_tablet=\"1px\" box_shadow_horizontal_tablet=\"0px\" box_shadow_vertical_tablet=\"0px\" box_shadow_blur_tablet=\"40px\" box_shadow_spread_tablet=\"0px\" z_index_tablet=\"500\"]<\/p><h2>Projektleitende<\/h2><ul><li>Zekyie Kazan (Studieren mit Kind)<\/li><\/ul><ul><li>Berivan Ucak (Wohnen)<\/li><li>Hannes W\u00f6ffen (Wohnen)<\/li><\/ul><ul><li>Tim Schmieja (BAf\u00f6G)<\/li><li>Robin Balicki (BAF\u00f6G)<\/li><li>Rafael Schr\u00f6dter (BAf\u00f6G)<\/li><\/ul><ul><li><span class=\"\">Olesja Zimmer (Jobben &amp; Krankenkasse)<\/span><\/li><\/ul><ul><li><span class=\"\">Kilian van Zwoll (Stabsstelle - Wohnraum- und Unterbringungskonzepte)<\/span><\/li><li>Hannah Lanzrath (Allg. Aufgaben, Veranstaltungen)<\/li><li><span class=\"author-a-8z79zmhh85ls6z78zz71zotz82zf\">Jacky Kocks (Soziales)<\/span><\/li><\/ul><p><strong>Sprechzeiten<\/strong><br \/>Siehe<a href=\"https:\/\/www.asta.rwth-aachen.de\/beratung\/asta\/\"> Beratung<\/a><\/p><p><strong>Kontakt<\/strong><br \/>Telefon: 0241 - 80 93 79 2 (Sekretariat)<br \/>E-Mail: soziales@asta.rwth-aachen.de<\/p><p>[\/et_pb_text][\/et_pb_column][\/et_pb_row][\/et_pb_section]<\/p>","_et_gb_content_width":"","episode_type":"","audio_file":"","podmotor_file_id":"","podmotor_episode_id":"","cover_image":"","cover_image_id":"","duration":"","filesize":"","filesize_raw":"","date_recorded":"","explicit":"","block":"","itunes_episode_number":"","itunes_title":"","itunes_season_number":"","itunes_episode_type":"","footnotes":""},"class_list":["post-4679","page","type-page","status-publish","hentry"],"publishpress_future_action":{"enabled":false,"date":"2026-04-23 22:46:50","action":"change-status","newStatus":"draft","terms":[],"taxonomy":"translation_priority","extraData":[]},"publishpress_future_workflow_manual_trigger":{"enabledWorkflows":[]},"_links":{"self":[{"href":"https:\/\/www.asta.rwth-aachen.de\/en\/wp-json\/wp\/v2\/pages\/4679","targetHints":{"allow":["GET"]}}],"collection":[{"href":"https:\/\/www.asta.rwth-aachen.de\/en\/wp-json\/wp\/v2\/pages"}],"about":[{"href":"https:\/\/www.asta.rwth-aachen.de\/en\/wp-json\/wp\/v2\/types\/page"}],"author":[{"embeddable":true,"href":"https:\/\/www.asta.rwth-aachen.de\/en\/wp-json\/wp\/v2\/users\/1"}],"replies":[{"embeddable":true,"href":"https:\/\/www.asta.rwth-aachen.de\/en\/wp-json\/wp\/v2\/comments?post=4679"}],"version-history":[{"count":17,"href":"https:\/\/www.asta.rwth-aachen.de\/en\/wp-json\/wp\/v2\/pages\/4679\/revisions"}],"predecessor-version":[{"id":62873,"href":"https:\/\/www.asta.rwth-aachen.de\/en\/wp-json\/wp\/v2\/pages\/4679\/revisions\/62873"}],"up":[{"embeddable":true,"href":"https:\/\/www.asta.rwth-aachen.de\/en\/wp-json\/wp\/v2\/pages\/11878"}],"wp:attachment":[{"href":"https:\/\/www.asta.rwth-aachen.de\/en\/wp-json\/wp\/v2\/media?parent=4679"}],"curies":[{"name":"wp","href":"https:\/\/api.w.org\/{rel}","templated":true}]}}