{"id":62691,"date":"2026-03-27T18:08:46","date_gmt":"2026-03-27T17:08:46","guid":{"rendered":"https:\/\/www.asta.rwth-aachen.de\/chancenstipendium\/"},"modified":"2026-03-27T18:09:47","modified_gmt":"2026-03-27T17:09:47","slug":"chancenstipendium","status":"publish","type":"page","link":"https:\/\/www.asta.rwth-aachen.de\/en\/chancenstipendium\/","title":{"rendered":"Chancenstipendium"},"content":{"rendered":"<p>[et_pb_section fb_built=&#8221;1&#8243; admin_label=&#8221;section&#8221; _builder_version=&#8221;4.16&#8243; global_colors_info=&#8221;{}&#8221;][et_pb_row admin_label=&#8221;row&#8221; _builder_version=&#8221;4.16&#8243; background_size=&#8221;initial&#8221; background_position=&#8221;top_left&#8221; background_repeat=&#8221;repeat&#8221; global_colors_info=&#8221;{}&#8221;][et_pb_column type=&#8221;4_4&#8243; _builder_version=&#8221;4.16&#8243; custom_padding=&#8221;|||&#8221; global_colors_info=&#8221;{}&#8221; custom_padding__hover=&#8221;|||&#8221;][et_pb_text admin_label=&#8221;Text&#8221; _builder_version=&#8221;4.27.6&#8243; background_size=&#8221;initial&#8221; background_position=&#8221;top_left&#8221; background_repeat=&#8221;repeat&#8221; global_colors_info=&#8221;{}&#8221;]<\/p>\n<h2>Chancenstipendien dfrom the Dr Alfred and Berta Oberholz Foundation \u2013 Applications now open!<\/h2>\n<p>[\/et_pb_text][et_pb_text admin_label=&#8221;Text&#8221; _builder_version=&#8221;4.27.6&#8243; background_size=&#8221;initial&#8221; background_position=&#8221;top_left&#8221; background_repeat=&#8221;repeat&#8221; global_colors_info=&#8221;{}&#8221;]<\/p>\n<p>We are pleased that the Dr. Alfred and Berta Oberholz Foundation is awarding the Opportunity Scholarships for the first time to students in a particularly difficult financial and\/or personal situation. These scholarships are open to students of all faculties at RWTH who can demonstrate at least satisfactory academic performance and provide financial support for one year. Each Opportunity Scholarship is endowed with 3,600 euros per year and is paid out in monthly installments of 300 euros. Multiple applications are possible. Please note that doctoral students are not eligible for funding through this scholarship program.<\/p>\n<p><\/p>\n<p>Further information on the application process will soon be available on our website. If you have any questions regarding the application, please feel free to contact us.<\/p>\n<p><\/p>\n<p>The purpose of the Dr. Alfred and Berta Oberholz Foundation is, in particular, to support students at RWTH Aachen. Dr. Oberholz was an alumnus of RWTH and, after completing his studies in chemistry and earning his doctorate, held various professional positions and shaped a number of companies and organizations throughout his career. As the first chairman of the University Council of RWTH Aachen, he made significant contributions to the strategic development of the university. In 2012, Dr. Oberholz passed away unexpectedly and, in his will, decreed the establishment of a foundation in his name.<\/p>\n<p>[\/et_pb_text][\/et_pb_column][\/et_pb_row][et_pb_row column_structure=&#8221;1_2,1_2&#8243; _builder_version=&#8221;4.27.6&#8243; _module_preset=&#8221;default&#8221; custom_padding=&#8221;3px|||||&#8221; global_colors_info=&#8221;{}&#8221;][et_pb_column type=&#8221;1_2&#8243; _builder_version=&#8221;4.27.6&#8243; _module_preset=&#8221;default&#8221; global_colors_info=&#8221;{}&#8221;][et_pb_text _builder_version=&#8221;4.27.6&#8243; _module_preset=&#8221;default&#8221; global_colors_info=&#8221;{}&#8221;]<\/p>\n<p>The following documents are required for the approval of the scholarship:<\/p>\n<p><\/p>\n<ul>\n<li>\n<p>Application for &#8220;Chancenstipendium&#8221;<\/p>\n<\/li>\n<li>\n<p>Detailed justification\/motivation letter (including a comprehensive explanation of the financial and\/or personal hardship)<\/p>\n<\/li>\n<li>\n<p>Valid identity card or passport and, if applicable, residence permit<\/p>\n<\/li>\n<li>\n<p>Current certificate of enrollment or proof of enrollment<\/p>\n<\/li>\n<li>\n<p>Complete transcript of records<\/p>\n<\/li>\n<li>\n<p>Copy of the rental agreement<\/p>\n<\/li>\n<li>\n<p>Copy of the registration certificate or re-registration certificate<\/p>\n<\/li>\n<li>\n<p>Bank statements from the last three months for all accounts<\/p>\n<\/li>\n<li>\n<p>Proof of health insurance<\/p>\n<\/li>\n<li>\n<p>Certificate of future income and any existing debts<\/p>\n<\/li>\n<li>\n<p>Proof of current or most recent BAf\u00f6G decisions for German or eligible international students<\/p>\n<\/li>\n<li>\n<p>Proof of parents\u2019 income for international students who are not eligible for BAf\u00f6G<\/p>\n<\/li>\n<li>\n<p>Current letter of recommendation from lecturers, academic advisors, mentors, student councils, student initiatives, or similar<\/p>\n<\/li>\n<li>\n<p>Proof of voluntary\/charitable work<\/p>\n<\/li>\n<\/ul>\n<p>[\/et_pb_text][\/et_pb_column][et_pb_column type=&#8221;1_2&#8243; _builder_version=&#8221;4.27.6&#8243; _module_preset=&#8221;default&#8221; global_colors_info=&#8221;{}&#8221;][et_pb_text _builder_version=&#8221;4.27.6&#8243; _module_preset=&#8221;default&#8221; global_colors_info=&#8221;{}&#8221;]<\/p>\n<p>All documents must be sent by email to soziales@asta.rwth-aachen.de.<\/p>\n<p><\/p>\n<p>Only complete applications will be processed. We will not request any missing documents.<\/p>\n<p><\/p>\n<p>&nbsp;<\/p>\n<p><\/p>\n<p>The deadline for applications is 15 April 2026.<\/p>\n<p><\/p>\n<p>The results will not be announced until after 4 May 2026.<\/p>\n<p>[\/et_pb_text][\/et_pb_column][\/et_pb_row][\/et_pb_section]<\/p>\n","protected":false},"excerpt":{"rendered":"<p>Chancenstipendien dfrom the Dr Alfred and Berta Oberholz Foundation \u2013 Applications now open!We are pleased that the Dr. Alfred and Berta Oberholz Foundation is awarding the Opportunity Scholarships for the first time to students in a particularly difficult financial and\/or personal situation. These scholarships are open to students of all faculties at RWTH who can [&hellip;]<\/p>\n","protected":false},"author":106,"featured_media":0,"parent":0,"menu_order":0,"comment_status":"closed","ping_status":"closed","template":"","meta":{"_et_pb_use_builder":"on","_et_pb_old_content":"<h2>Chancenstipendien der Dr. Alfred und Berta Oberholz-Stiftung \u2013 Bewerbungen jetzt m\u00f6glich!<\/h2>\r\nWir freuen uns, dass die Dr. Alfred und Berta Oberholz-Stiftung erstmalig die Chancenstipendien f\u00fcr Studierende in einer besonderen finanziellen und\/oder pers\u00f6nlich schwierigen Situation vergibt. Diese Stipendien richten sich an Studierende aller Fakult\u00e4ten der RWTH und bieten eine finanzielle Unterst\u00fctzung f\u00fcr ein Jahr. Jedes Chancenstipendium ist mit 3.600 Euro\/Jahr dotiert und wird in monatlichen Raten \u00e0 300 Euro ausgezahlt. Eine mehrmalige Beantragung ist m\u00f6glich. Bitte beachtet, dass Promotionsstudierende nicht \u00fcber dieses Stipendienprogramm gef\u00f6rdert werden k\u00f6nnen.\r\n\r\nWeitere Informationen zur Bewerbung kommen bald auf unserer Website. Bei Fragen zur Beantragung stehen wir euch gerne zur Verf\u00fcgung.\r\n\r\nZweck der Dr. Alfred und Berta Oberholz-Stiftung ist insbesondere die F\u00f6rderung von Studierenden der RWTH Aachen. Dr. Oberholz war Alumnus der RWTH und durchlief nach seinem Chemiestudium und seiner Promotion verschiedene berufliche Positionen und pr\u00e4gte in seiner Laufbahn eine Reihe von Unternehmen und Organisationen. Als erster Vorsitzender des Hochschulrats der RWTH Aachen hat er bedeutende Beitr\u00e4ge zur strategischen Entwicklung der Hochschule geleistet. Im Jahr 2012 verstarb Dr. Oberholz unerwartet und verf\u00fcgte im Rahmen seines Testaments die Gr\u00fcndung einer Stiftung in seinem Namen","_et_gb_content_width":"","episode_type":"","audio_file":"","podmotor_file_id":"","podmotor_episode_id":"","cover_image":"","cover_image_id":"","duration":"","filesize":"","filesize_raw":"","date_recorded":"","explicit":"","block":"","itunes_episode_number":"","itunes_title":"","itunes_season_number":"","itunes_episode_type":"","footnotes":""},"class_list":["post-62691","page","type-page","status-publish","hentry"],"publishpress_future_action":{"enabled":false,"date":"2026-04-17 18:06:35","action":"change-status","newStatus":"draft","terms":[],"taxonomy":"translation_priority","extraData":[]},"publishpress_future_workflow_manual_trigger":{"enabledWorkflows":[]},"_links":{"self":[{"href":"https:\/\/www.asta.rwth-aachen.de\/en\/wp-json\/wp\/v2\/pages\/62691","targetHints":{"allow":["GET"]}}],"collection":[{"href":"https:\/\/www.asta.rwth-aachen.de\/en\/wp-json\/wp\/v2\/pages"}],"about":[{"href":"https:\/\/www.asta.rwth-aachen.de\/en\/wp-json\/wp\/v2\/types\/page"}],"author":[{"embeddable":true,"href":"https:\/\/www.asta.rwth-aachen.de\/en\/wp-json\/wp\/v2\/users\/106"}],"replies":[{"embeddable":true,"href":"https:\/\/www.asta.rwth-aachen.de\/en\/wp-json\/wp\/v2\/comments?post=62691"}],"version-history":[{"count":6,"href":"https:\/\/www.asta.rwth-aachen.de\/en\/wp-json\/wp\/v2\/pages\/62691\/revisions"}],"predecessor-version":[{"id":62697,"href":"https:\/\/www.asta.rwth-aachen.de\/en\/wp-json\/wp\/v2\/pages\/62691\/revisions\/62697"}],"wp:attachment":[{"href":"https:\/\/www.asta.rwth-aachen.de\/en\/wp-json\/wp\/v2\/media?parent=62691"}],"curies":[{"name":"wp","href":"https:\/\/api.w.org\/{rel}","templated":true}]}}