{"id":9074,"date":"2020-07-02T13:36:09","date_gmt":"2020-07-02T11:36:09","guid":{"rendered":"https:\/\/www.asta.rwth-aachen.de\/?page_id=9074"},"modified":"2025-08-18T16:15:54","modified_gmt":"2025-08-18T14:15:54","slug":"freitisch","status":"publish","type":"page","link":"https:\/\/www.asta.rwth-aachen.de\/en\/freitisch\/","title":{"rendered":"Freitisch"},"content":{"rendered":"<p>[et_pb_section fb_built=&#8221;1&#8243; _builder_version=&#8221;4.16&#8243; global_colors_info=&#8221;{}&#8221;][et_pb_row _builder_version=&#8221;4.16&#8243; custom_padding=&#8221;||1px|||&#8221; global_colors_info=&#8221;{}&#8221;][et_pb_column type=&#8221;4_4&#8243; _builder_version=&#8221;4.16&#8243; global_colors_info=&#8221;{}&#8221;][et_pb_text _builder_version=&#8221;4.16&#8243; global_colors_info=&#8221;{}&#8221;]<\/p>\n<h2>Free Meal Project (Freitisch)<\/h2>\n<p>[\/et_pb_text][\/et_pb_column][\/et_pb_row][et_pb_row column_structure=&#8221;3_4,1_4&#8243; _builder_version=&#8221;4.16&#8243; custom_padding=&#8221;3px||0px|||&#8221; global_colors_info=&#8221;{}&#8221;][et_pb_column type=&#8221;3_4&#8243; _builder_version=&#8221;4.16&#8243; global_colors_info=&#8221;{}&#8221;][et_pb_text _builder_version=&#8221;4.16&#8243; global_colors_info=&#8221;{}&#8221;]<\/p>\n<p>&nbsp;<\/p>\n<p>With the Freitisch programme, students in financial need receive a free meal a day in the canteens of Studierendenwerk Aachen. We launched the programme in 2020 together with Studierendenwerk Aachen, the AStA of FH Aachen and the AStA of KatHo Aachen.<\/p>\n<p>All students who have had an application approved by the Social Committee can take part in the Freitisch programme. This includes:<\/p>\n<ul>\n<li>A short-term social loan,<\/li>\n<li>A long-term social loan,<\/li>\n<li>An approved reimbursement of the semester fee due to social hardship,<\/li>\n<li>An approved takeover of the coming semester fee due to social hardship.<\/li>\n<\/ul>\n<p>The approval and issue of the free table card is carried out by the social counseling service of the Studierendenwerk. The current contact person is:<\/p>\n<p><strong>Contact person:<\/strong><br \/>Angela Weber<br \/>Phone: +49 170 1404476<br \/>@: angela.weber@stw.rwth-aachen.de\u00a0<\/p>\n<p>[\/et_pb_text][\/et_pb_column][et_pb_column type=&#8221;1_4&#8243; _builder_version=&#8221;4.16&#8243; global_colors_info=&#8221;{}&#8221;][\/et_pb_column][\/et_pb_row][et_pb_row _builder_version=&#8221;4.16&#8243; _module_preset=&#8221;default&#8221; custom_padding=&#8221;||3px|||&#8221; global_colors_info=&#8221;{}&#8221;][et_pb_column type=&#8221;4_4&#8243; _builder_version=&#8221;4.16&#8243; _module_preset=&#8221;default&#8221; global_colors_info=&#8221;{}&#8221;][et_pb_divider _builder_version=&#8221;4.16&#8243; _module_preset=&#8221;default&#8221; custom_margin=&#8221;||1px|||&#8221; global_colors_info=&#8221;{}&#8221;][\/et_pb_divider][et_pb_text _builder_version=&#8221;4.16&#8243; _module_preset=&#8221;default&#8221; global_colors_info=&#8221;{}&#8221;]<\/p>\n<h3>Applying for Free Meal<\/h3>\n<p>[\/et_pb_text][\/et_pb_column][\/et_pb_row][et_pb_row _builder_version=&#8221;4.16&#8243; custom_padding=&#8221;3px|||||&#8221; global_colors_info=&#8221;{}&#8221;][et_pb_column type=&#8221;4_4&#8243; _builder_version=&#8221;4.16&#8243; global_colors_info=&#8221;{}&#8221;][et_pb_text _builder_version=&#8221;4.27.4&#8243; hover_enabled=&#8221;0&#8243; global_colors_info=&#8221;{}&#8221; sticky_enabled=&#8221;0&#8243;]<\/p>\n<p>The application are submitted via the Studierendenwerk Aachen. All data and forms can be found under this <a href=\"https:\/\/www.studierendenwerk-aachen.de\/en\/social-counseling\/soziale-leistungen-des-studierendenwerks-kopie.html\">link<\/a>.<\/p>\n<p>[\/et_pb_text][\/et_pb_column][\/et_pb_row][et_pb_row _builder_version=&#8221;4.16&#8243; _module_preset=&#8221;default&#8221; global_colors_info=&#8221;{}&#8221;][et_pb_column type=&#8221;4_4&#8243; _builder_version=&#8221;4.16&#8243; _module_preset=&#8221;default&#8221; global_colors_info=&#8221;{}&#8221;][et_pb_divider _builder_version=&#8221;4.16&#8243; _module_preset=&#8221;default&#8221; custom_margin=&#8221;||0px|||&#8221; global_colors_info=&#8221;{}&#8221;][\/et_pb_divider][et_pb_text _builder_version=&#8221;4.27.4&#8243; _module_preset=&#8221;default&#8221; hover_enabled=&#8221;0&#8243; global_colors_info=&#8221;{}&#8221; sticky_enabled=&#8221;0&#8243;]<\/p>\n<p>The Free Meal Project is supported by the Department of Social Affairs.<br \/>If you have any questions, please send an email at <a href=\"mailto:freitisch@asta.rwth-aachen.de\">freitisch@asta.rwth-aachen.de<\/a> or <a href=\"mailto:soziales@asta.rwth-aachen.de\">soziales@asta.rwth-aachen.de<\/a><\/p>\n<p>[\/et_pb_text][\/et_pb_column][\/et_pb_row][\/et_pb_section]<\/p>\n","protected":false},"excerpt":{"rendered":"<p>Free Meal Project (Freitisch)&nbsp; With the Freitisch programme, students in financial need receive a free meal a day in the canteens of Studierendenwerk Aachen. We launched the programme in 2020 together with Studierendenwerk Aachen, the AStA of FH Aachen and the AStA of KatHo Aachen. All students who have had an application approved by the [&hellip;]<\/p>\n","protected":false},"author":1,"featured_media":0,"parent":0,"menu_order":0,"comment_status":"closed","ping_status":"closed","template":"","meta":{"_et_pb_use_builder":"on","_et_pb_old_content":"<p>[et_pb_section fb_built=\"1\" _builder_version=\"4.4.8\"][et_pb_row _builder_version=\"4.4.8\"][et_pb_column type=\"4_4\" _builder_version=\"4.4.8\"][et_pb_text _builder_version=\"4.4.8\"]<\/p><h2>Ein Freitisch f\u00fcr dich - im Sommersemester 2020<\/h2><p>[\/et_pb_text][\/et_pb_column][\/et_pb_row][et_pb_row column_structure=\"3_4,1_4\" _builder_version=\"4.4.8\"][et_pb_column type=\"3_4\" _builder_version=\"4.4.8\"][et_pb_text _builder_version=\"4.4.8\"]<\/p><p>Die Corona-Krise hat vor allem finanziell unter Studierenden um sich geschlagen. F\u00fcr diejenigen, die besonders stark getroffen wurden und sich Sorgen dar\u00fcber machen, wie sie ihr Essen finanzieren, gibt es jetzt die Aktion Freitisch.\u00a0<\/p><p>Ein Freitisch bedeutet f\u00fcr dich, dass du ein mal am Tag in der Mensa essen kannst - <strong>umsonst<\/strong>.<\/p><h3>Wer kann einen Freitisch bekommen?<\/h3><p>Alle Studierenden, welche entweder<\/p><ul><li>Im Sommersemester 2020 eine <strong>\u00dcberbr\u00fcckungshilfe vom BMBF<\/strong> bewilligt bekommen haben.<p>oder<\/p><\/li><li>Im Sommersemester 2020 einen <strong>Antrag im Sozialausschuss<\/strong> bewilligt bekommen haben. Dazu z\u00e4hlt:<ul><li>ein <strong>Sozialdarlehen<\/strong> beim AStA beantragt und bewilligt bekommen haben.<\/li><li>ein <strong>ProRWTH \u00dcberbr\u00fcckungsstipendium<\/strong> beantragt und bewilligt bekommen haben.<\/li><li>Ihr <strong>Semesterticket<\/strong> aufgrund von sozialer H\u00e4rte <strong>zur\u00fcckerstattet<\/strong> bekommen haben.<\/li><\/ul><\/li><\/ul><p>Das Trifft auf dich zu? Deinen Freitisch zu beantragen ist einfach.<\/p><p>\u00a0<\/p><p>\u00a0<\/p><p>\u00a0<\/p><h3>Freitisch beantragen<\/h3><p>[\/et_pb_text][\/et_pb_column][et_pb_column type=\"1_4\" _builder_version=\"4.4.8\"][et_pb_image src=\"https:\/\/www.asta.rwth-aachen.de\/wp-content\/uploads\/photo_2020-06-29_19-06-00.jpg\" title_text=\"photo_2020-06-29_19-06-00\" _builder_version=\"4.4.8\"][\/et_pb_image][\/et_pb_column][\/et_pb_row][et_pb_row column_structure=\"1_2,1_2\" _builder_version=\"4.4.8\"][et_pb_column type=\"1_2\" _builder_version=\"4.4.8\"][et_pb_text _builder_version=\"4.4.8\"]<\/p><p>Du hast eine <strong>\u00dcberbr\u00fcckungshilfe vom BMBF<\/strong> bewilligt bekommen?<\/p><p>Dann schicke eine Mail an <a href=\"mailto:freitisch@asta.rwth-aachen.de\">freitisch@asta.rwth-aachen.de, <\/a>welche beinhalten sollte:<\/p><ul><li>Deinen Namen<\/li><li>Die Best\u00e4tigungsmail \u00fcber die Annahme des \u00dcberbr\u00fcckungshilfen-Antrag<\/li><li>Die Seite des Kontoauszuges, auf der der Geldeingang der \u00dcberbr\u00fcckungshilfe vermerkt ist<\/li><li>Deine Studienbescheinigung<\/li><\/ul><p>Wir haben dir schonmal eine Mail vorgeschrieben, du musst nur deine Informationen eingeben und die passenden Dokumente anh\u00e4ngen:<\/p><p>\u00a0<\/p><p>\u00a0<\/p><p>[\/et_pb_text][et_pb_testimonial portrait_url=\"data:image\/svg+xml;base64,PHN2ZyB3aWR0aD0iNTAwIiBoZWlnaHQ9IjUwMCIgdmlld0JveD0iMCAwIDUwMCA1MDAiIHhtbG5zPSJodHRwOi8vd3d3LnczLm9yZy8yMDAwL3N2ZyI+CiAgICA8ZyBmaWxsPSJub25lIiBmaWxsLXJ1bGU9ImV2ZW5vZGQiPgogICAgICAgIDxwYXRoIGZpbGw9IiNFQkVCRUIiIGQ9Ik0wIDBoNTAwdjUwMEgweiIvPgogICAgICAgIDxyZWN0IGZpbGwtb3BhY2l0eT0iLjEiIGZpbGw9IiMwMDAiIHg9IjY4IiB5PSIzMDUiIHdpZHRoPSIzNjQiIGhlaWdodD0iNTY4IiByeD0iMTgyIi8+CiAgICAgICAgPGNpcmNsZSBmaWxsLW9wYWNpdHk9Ii4xIiBmaWxsPSIjMDAwIiBjeD0iMjQ5IiBjeT0iMTcyIiByPSIxMDAiLz4KICAgIDwvZz4KPC9zdmc+Cg==\" _builder_version=\"4.4.8\" child_filter_opacity=\"0%\"]<\/p><p>Hallo mein Name ist [Dein Name]<\/p><p>Ich habe im Sommersemester einen Antrag an das BMBF gestellt und die \u00dcberbr\u00fcckungshilfe bewilligt bekommen. Im Anhang befinden sich die Best\u00e4tigungsmail \u00fcber die Annahme des Antrags, die Seite meines Kontoauszuges, auf dem der Geldeinang der \u00dcberbr\u00fcckungshilfe steht und meine Studienbescheinigung.<\/p><p>Ich m\u00f6chte gerne auch einen Freitisch erhalten.<\/p><p>Liebe Gr\u00fc\u00dfe<br \/>[Dein Name]<\/p><p>[\/et_pb_testimonial][\/et_pb_column][et_pb_column type=\"1_2\" _builder_version=\"4.4.8\"][et_pb_text _builder_version=\"4.4.8\"]<\/p><p>Du hast einen <strong>Antrag an den Sozialauschuss<\/strong> bewilligt bekommen?<\/p><p>Dann schicke eine Mail an <a href=\"mailto:freitisch@asta.rwth-aachen.de\">freitisch@asta.rwth-aachen.de, <\/a>welche beinhalten sollte:<\/p><ul><li>Deinen Namen<\/li><li>Falls bekannt: dein Aktenzeichen<\/li><\/ul><p>Wir haben dir schonmal eine Mail vorgeschrieben, du musst nur deine Informationen eingeben:<\/p><p>\u00a0<\/p><p>\u00a0<\/p><p>[\/et_pb_text][et_pb_testimonial portrait_url=\"data:image\/svg+xml;base64,PHN2ZyB3aWR0aD0iNTAwIiBoZWlnaHQ9IjUwMCIgdmlld0JveD0iMCAwIDUwMCA1MDAiIHhtbG5zPSJodHRwOi8vd3d3LnczLm9yZy8yMDAwL3N2ZyI+CiAgICA8ZyBmaWxsPSJub25lIiBmaWxsLXJ1bGU9ImV2ZW5vZGQiPgogICAgICAgIDxwYXRoIGZpbGw9IiNFQkVCRUIiIGQ9Ik0wIDBoNTAwdjUwMEgweiIvPgogICAgICAgIDxyZWN0IGZpbGwtb3BhY2l0eT0iLjEiIGZpbGw9IiMwMDAiIHg9IjY4IiB5PSIzMDUiIHdpZHRoPSIzNjQiIGhlaWdodD0iNTY4IiByeD0iMTgyIi8+CiAgICAgICAgPGNpcmNsZSBmaWxsLW9wYWNpdHk9Ii4xIiBmaWxsPSIjMDAwIiBjeD0iMjQ5IiBjeT0iMTcyIiByPSIxMDAiLz4KICAgIDwvZz4KPC9zdmc+Cg==\" _builder_version=\"4.4.8\" child_filter_opacity=\"0%\"]<\/p><p>Hallo mein Name ist [Dein Name]<\/p><p>Ich habe im Sommersemester einen Antrag an den Sozialausschuss der Studierendenschaft bewilligt bekommen. Der Grund f\u00fcr meinen Antrag war [ein Sozialdarlehen\/ ein ProRWTH Stipendium\/ die R\u00fcckerstattung meines Semesterbeitrags aufgrund von sozialer H\u00e4rte].<\/p><p>[Mein Aktenzeichen f\u00fcr diesen Antrag lautet [Dein Aktenzeichen] \/ Mein Aktenzeichen f\u00fcr diesen Antrag ist mir leider nicht bekannt]<\/p><p>Ich m\u00f6chte gerne auch einen Freitisch erhalten.<\/p><p>Liebe Gr\u00fc\u00dfe<br \/>[Dein Name]<\/p><p>[\/et_pb_testimonial][\/et_pb_column][\/et_pb_row][\/et_pb_section]<\/p>","_et_gb_content_width":"","episode_type":"","audio_file":"","podmotor_file_id":"","podmotor_episode_id":"","cover_image":"","cover_image_id":"","duration":"","filesize":"","filesize_raw":"","date_recorded":"","explicit":"","block":"","itunes_episode_number":"","itunes_title":"","itunes_season_number":"","itunes_episode_type":"","footnotes":""},"class_list":["post-9074","page","type-page","status-publish","hentry"],"publishpress_future_action":{"enabled":false,"date":"2026-04-28 05:00:18","action":"change-status","newStatus":"draft","terms":[],"taxonomy":"translation_priority","extraData":[]},"publishpress_future_workflow_manual_trigger":{"enabledWorkflows":[]},"_links":{"self":[{"href":"https:\/\/www.asta.rwth-aachen.de\/en\/wp-json\/wp\/v2\/pages\/9074","targetHints":{"allow":["GET"]}}],"collection":[{"href":"https:\/\/www.asta.rwth-aachen.de\/en\/wp-json\/wp\/v2\/pages"}],"about":[{"href":"https:\/\/www.asta.rwth-aachen.de\/en\/wp-json\/wp\/v2\/types\/page"}],"author":[{"embeddable":true,"href":"https:\/\/www.asta.rwth-aachen.de\/en\/wp-json\/wp\/v2\/users\/1"}],"replies":[{"embeddable":true,"href":"https:\/\/www.asta.rwth-aachen.de\/en\/wp-json\/wp\/v2\/comments?post=9074"}],"version-history":[{"count":4,"href":"https:\/\/www.asta.rwth-aachen.de\/en\/wp-json\/wp\/v2\/pages\/9074\/revisions"}],"predecessor-version":[{"id":58869,"href":"https:\/\/www.asta.rwth-aachen.de\/en\/wp-json\/wp\/v2\/pages\/9074\/revisions\/58869"}],"wp:attachment":[{"href":"https:\/\/www.asta.rwth-aachen.de\/en\/wp-json\/wp\/v2\/media?parent=9074"}],"curies":[{"name":"wp","href":"https:\/\/api.w.org\/{rel}","templated":true}]}}